{"id":2634,"date":"2014-05-03T10:04:34","date_gmt":"2014-05-03T10:04:34","guid":{"rendered":"http:\/\/xithemes.com\/themes\/corporative\/?page_id=2634"},"modified":"2022-02-05T21:01:08","modified_gmt":"2022-02-06T00:01:08","slug":"team-member-page","status":"publish","type":"page","link":"https:\/\/theinternationalobservatory.com\/index.php\/pages\/team-member-page\/","title":{"rendered":"Coordinador"},"content":{"rendered":"<div class=\"wpb-content-wrapper\"><p>[vc_row padding_top=&#8221;70&#8243; padding_bottom=&#8221;70&#8243;][vc_column width=&#8221;1\/3&#8243;][vc_single_image image=&#8221;3526&#8243; alignment=&#8221;center&#8221;]<div class=\"space\" style=\"height:20px;\"><\/div><div class=\"clearfix social_shortcode social  center\"><a href=\"#\" target=\"blank\"><i class=\"icons-social-twitter\" style=\"color:#e0e0e0; font-size:40px; line-height:40px;\"><\/i><\/a><a href=\"#\" target=\"blank\"><i class=\"icons-social-facebook\" style=\"color:#e0e0e0; font-size:40px; line-height:40px;\"><\/i><\/a><a href=\"https:\/\/www.linkedin.com\/in\/j%C3%A9r%C3%A9mie-swinnen-04774635\/\" target=\"blank\"><i class=\"icons-social-linkedin\" style=\"color:#e0e0e0; font-size:40px; line-height:40px;\"><\/i><\/a><a href=\"#\" target=\"blank\"><i class=\"icons-social-skype\" style=\"color:#e0e0e0; font-size:40px; line-height:40px;\"><\/i><\/a><a href=\"#\" target=\"blank\"><i class=\"icons-social-soundcloud\" style=\"color:#e0e0e0; font-size:40px; line-height:40px;\"><\/i><\/a><a href=\"#\" target=\"blank\"><i class=\"icons-social-flickr\" style=\"color:#e0e0e0; font-size:40px; line-height:40px;\"><\/i><\/a><a href=\"mailto:jeremieswinnen@gmail.com\" target=\"_top\"><i class=\"icons-mail\" style=\"color:#e0e0e0; font-size:40px; line-height:40px;\"><\/i><\/a><\/div>[\/vc_column][vc_column width=&#8221;2\/3&#8243;]<div class=\"landing-title left wpb_content_element\"><h2 class=\"landing-title-tag\" style=\"font-size:28px;\">J\u00e9r\u00e9mie Swinnen<\/h2>[vc_separator style=\"\" color=\"grey\" accent_color=\"\" el_width=\"fixed\" el_class=\"\"]<\/div>[vc_column_text 0=&#8221;&#8221;]Abogado egresado de la Universidad Cat\u00f3lica Argentina y de la maestr\u00eda en Derecho Internacional P\u00fablico de la Universidad Cat\u00f3lica de Lovaina, B\u00e9lgica y de la Maestr\u00eda en Derecho Penal y Justicia Internacional (UNICRI). \u00a0Trabaja como Especialista en Criminalidad Transnacional Organizada para la Oficina de Asuntos Internacionales de Narc\u00f3ticos y Aplicaci\u00f3n de la Ley (INL) del Departamento de Estado de los Estados Unidos en Argentina . Previ\u00f3 a ello, trabaj\u00f3 como Coordinador de Programas en temas de seguridad y justicia para INL. Adem\u00e1s es profesor de Derecho Internacional P\u00fablico de la Universidad Cat\u00f3lica Argentina.<\/p>\n<p>Antes de unirse al Departamento de Estado, trabaj\u00f3 como Asesor del Honorable Senado de la Naci\u00f3n Argentina y en la Oficina de las Naciones Unidas contra la Droga y el Delito (UNODC) en la Secci\u00f3n Regional para Am\u00e9rica Latina y el Caribe en Viena. Trabaj\u00f3 como Investigador universitario en el Centro Argentino de Estudios Internacionales e investigador jur\u00eddico en derecho penal internacional para Track Impunity Always.[\/vc_column_text]<div class=\"space\" style=\"height:30px;\"><\/div>[vc_progress_bar values=&#8221;100|Public International Law,100|International Humanitarian Law,100|International Criminal Law,100|Organized Crime,100|Human Rights&#8221; bgcolor=&#8221;color3&#8243;][\/vc_column][\/vc_row]<\/p>\n<\/div>","protected":false},"excerpt":{"rendered":"<p>[vc_row padding_top=&#8221;70&#8243; padding_bottom=&#8221;70&#8243;][vc_column width=&#8221;1\/3&#8243;][vc_single_image image=&#8221;3526&#8243; alignment=&#8221;center&#8221;][\/vc_column][vc_column width=&#8221;2\/3&#8243;][vc_column_text 0=&#8221;&#8221;]Abogado egresado de la Universidad Cat\u00f3lica Argentina y de la maestr\u00eda en Derecho Internacional P\u00fablico de la Universidad Cat\u00f3lica de Lovaina, B\u00e9lgica y de la Maestr\u00eda en Derecho Penal y Justicia Internacional (UNICRI). \u00a0Trabaja como Especialista en Criminalidad Transnacional Organizada para la Oficina de Asuntos Internacionales de Narc\u00f3ticos y Aplicaci\u00f3n de la Ley (INL) del Departamento de Estado de los Estados Unidos en Argentina . Previ\u00f3 a ello, trabaj\u00f3 como Coordinador de Programas en temas de seguridad y justicia para INL. Adem\u00e1s es profesor de Derecho Internacional P\u00fablico de la Universidad Cat\u00f3lica Argentina. [&hellip;]<\/p>\n","protected":false},"author":1,"featured_media":0,"parent":739,"menu_order":0,"comment_status":"open","ping_status":"open","template":"template-custom.php","meta":{"_monsterinsights_skip_tracking":false,"_monsterinsights_sitenote_active":false,"_monsterinsights_sitenote_note":"","_monsterinsights_sitenote_category":0,"footnotes":""},"class_list":["post-2634","page","type-page","status-publish","hentry"],"yoast_head":"<!-- This site is optimized with the Yoast SEO plugin v23.3 - https:\/\/yoast.com\/wordpress\/plugins\/seo\/ -->\n<title>Coordinador - The Observatory of International Law<\/title>\n<meta name=\"description\" content=\"Abogado egresado de la Universidad Cat\u00f3lica Argentina y de la maestr\u00eda en Derecho Internacional P\u00fablico de l&#039; Universit\u00e9 Catholique de Louvain, Belgica y de la Maestr\u00eda en Derecho Penal y Justicia Internacional (UNICRI).\" \/>\n<meta name=\"robots\" content=\"index, follow, max-snippet:-1, max-image-preview:large, max-video-preview:-1\" \/>\n<link rel=\"canonical\" href=\"https:\/\/theinternationalobservatory.com\/index.php\/pages\/team-member-page\/\" \/>\n<meta property=\"og:locale\" content=\"es_ES\" \/>\n<meta property=\"og:type\" content=\"article\" \/>\n<meta property=\"og:title\" content=\"Coordinador - The Observatory of International Law\" \/>\n<meta property=\"og:description\" content=\"Abogado egresado de la Universidad Cat\u00f3lica Argentina y de la maestr\u00eda en Derecho Internacional P\u00fablico de l&#039; Universit\u00e9 Catholique de Louvain, Belgica y de la Maestr\u00eda en Derecho Penal y Justicia Internacional (UNICRI).\" \/>\n<meta property=\"og:url\" content=\"https:\/\/theinternationalobservatory.com\/index.php\/pages\/team-member-page\/\" \/>\n<meta property=\"og:site_name\" content=\"The Observatory of International Law\" \/>\n<meta property=\"article:publisher\" content=\"https:\/\/www.facebook.com\/theobservatoryofinternationallaw\/\" \/>\n<meta property=\"article:modified_time\" content=\"2022-02-06T00:01:08+00:00\" \/>\n<meta name=\"twitter:card\" content=\"summary_large_image\" \/>\n<meta name=\"twitter:site\" content=\"@The_OILaw\" \/>\n<meta name=\"twitter:label1\" content=\"Tiempo de lectura\" \/>\n\t<meta name=\"twitter:data1\" content=\"1 minuto\" \/>\n<script type=\"application\/ld+json\" class=\"yoast-schema-graph\">{\"@context\":\"https:\/\/schema.org\",\"@graph\":[{\"@type\":\"WebPage\",\"@id\":\"https:\/\/theinternationalobservatory.com\/index.php\/pages\/team-member-page\/\",\"url\":\"https:\/\/theinternationalobservatory.com\/index.php\/pages\/team-member-page\/\",\"name\":\"Coordinador - The Observatory of International Law\",\"isPartOf\":{\"@id\":\"https:\/\/theinternationalobservatory.com\/#website\"},\"datePublished\":\"2014-05-03T10:04:34+00:00\",\"dateModified\":\"2022-02-06T00:01:08+00:00\",\"description\":\"Abogado egresado de la Universidad Cat\u00f3lica Argentina y de la maestr\u00eda en Derecho Internacional P\u00fablico de l' Universit\u00e9 Catholique de Louvain, Belgica y de la Maestr\u00eda en Derecho Penal y Justicia Internacional (UNICRI).\",\"breadcrumb\":{\"@id\":\"https:\/\/theinternationalobservatory.com\/index.php\/pages\/team-member-page\/#breadcrumb\"},\"inLanguage\":\"es-AR\",\"potentialAction\":[{\"@type\":\"ReadAction\",\"target\":[\"https:\/\/theinternationalobservatory.com\/index.php\/pages\/team-member-page\/\"]}]},{\"@type\":\"BreadcrumbList\",\"@id\":\"https:\/\/theinternationalobservatory.com\/index.php\/pages\/team-member-page\/#breadcrumb\",\"itemListElement\":[{\"@type\":\"ListItem\",\"position\":1,\"name\":\"Inicio\",\"item\":\"https:\/\/theinternationalobservatory.com\/\"},{\"@type\":\"ListItem\",\"position\":2,\"name\":\"Pages\",\"item\":\"https:\/\/theinternationalobservatory.com\/index.php\/pages\/\"},{\"@type\":\"ListItem\",\"position\":3,\"name\":\"Coordinador\"}]},{\"@type\":\"WebSite\",\"@id\":\"https:\/\/theinternationalobservatory.com\/#website\",\"url\":\"https:\/\/theinternationalobservatory.com\/\",\"name\":\"The Observatory of International Law\",\"description\":\"Interesting things in International Law\",\"potentialAction\":[{\"@type\":\"SearchAction\",\"target\":{\"@type\":\"EntryPoint\",\"urlTemplate\":\"https:\/\/theinternationalobservatory.com\/?s={search_term_string}\"},\"query-input\":\"required name=search_term_string\"}],\"inLanguage\":\"es-AR\"}]}<\/script>\n<!-- \/ Yoast SEO plugin. -->","yoast_head_json":{"title":"Coordinador - The Observatory of International Law","description":"Abogado egresado de la Universidad Cat\u00f3lica Argentina y de la maestr\u00eda en Derecho Internacional P\u00fablico de l' Universit\u00e9 Catholique de Louvain, Belgica y de la Maestr\u00eda en Derecho Penal y Justicia Internacional (UNICRI).","robots":{"index":"index","follow":"follow","max-snippet":"max-snippet:-1","max-image-preview":"max-image-preview:large","max-video-preview":"max-video-preview:-1"},"canonical":"https:\/\/theinternationalobservatory.com\/index.php\/pages\/team-member-page\/","og_locale":"es_ES","og_type":"article","og_title":"Coordinador - The Observatory of International Law","og_description":"Abogado egresado de la Universidad Cat\u00f3lica Argentina y de la maestr\u00eda en Derecho Internacional P\u00fablico de l' Universit\u00e9 Catholique de Louvain, Belgica y de la Maestr\u00eda en Derecho Penal y Justicia Internacional (UNICRI).","og_url":"https:\/\/theinternationalobservatory.com\/index.php\/pages\/team-member-page\/","og_site_name":"The Observatory of International Law","article_publisher":"https:\/\/www.facebook.com\/theobservatoryofinternationallaw\/","article_modified_time":"2022-02-06T00:01:08+00:00","twitter_card":"summary_large_image","twitter_site":"@The_OILaw","twitter_misc":{"Tiempo de lectura":"1 minuto"},"schema":{"@context":"https:\/\/schema.org","@graph":[{"@type":"WebPage","@id":"https:\/\/theinternationalobservatory.com\/index.php\/pages\/team-member-page\/","url":"https:\/\/theinternationalobservatory.com\/index.php\/pages\/team-member-page\/","name":"Coordinador - The Observatory of International Law","isPartOf":{"@id":"https:\/\/theinternationalobservatory.com\/#website"},"datePublished":"2014-05-03T10:04:34+00:00","dateModified":"2022-02-06T00:01:08+00:00","description":"Abogado egresado de la Universidad Cat\u00f3lica Argentina y de la maestr\u00eda en Derecho Internacional P\u00fablico de l' Universit\u00e9 Catholique de Louvain, Belgica y de la Maestr\u00eda en Derecho Penal y Justicia Internacional (UNICRI).","breadcrumb":{"@id":"https:\/\/theinternationalobservatory.com\/index.php\/pages\/team-member-page\/#breadcrumb"},"inLanguage":"es-AR","potentialAction":[{"@type":"ReadAction","target":["https:\/\/theinternationalobservatory.com\/index.php\/pages\/team-member-page\/"]}]},{"@type":"BreadcrumbList","@id":"https:\/\/theinternationalobservatory.com\/index.php\/pages\/team-member-page\/#breadcrumb","itemListElement":[{"@type":"ListItem","position":1,"name":"Inicio","item":"https:\/\/theinternationalobservatory.com\/"},{"@type":"ListItem","position":2,"name":"Pages","item":"https:\/\/theinternationalobservatory.com\/index.php\/pages\/"},{"@type":"ListItem","position":3,"name":"Coordinador"}]},{"@type":"WebSite","@id":"https:\/\/theinternationalobservatory.com\/#website","url":"https:\/\/theinternationalobservatory.com\/","name":"The Observatory of International Law","description":"Interesting things in International Law","potentialAction":[{"@type":"SearchAction","target":{"@type":"EntryPoint","urlTemplate":"https:\/\/theinternationalobservatory.com\/?s={search_term_string}"},"query-input":"required name=search_term_string"}],"inLanguage":"es-AR"}]}},"_links":{"self":[{"href":"https:\/\/theinternationalobservatory.com\/index.php\/wp-json\/wp\/v2\/pages\/2634"}],"collection":[{"href":"https:\/\/theinternationalobservatory.com\/index.php\/wp-json\/wp\/v2\/pages"}],"about":[{"href":"https:\/\/theinternationalobservatory.com\/index.php\/wp-json\/wp\/v2\/types\/page"}],"author":[{"embeddable":true,"href":"https:\/\/theinternationalobservatory.com\/index.php\/wp-json\/wp\/v2\/users\/1"}],"replies":[{"embeddable":true,"href":"https:\/\/theinternationalobservatory.com\/index.php\/wp-json\/wp\/v2\/comments?post=2634"}],"version-history":[{"count":15,"href":"https:\/\/theinternationalobservatory.com\/index.php\/wp-json\/wp\/v2\/pages\/2634\/revisions"}],"predecessor-version":[{"id":5565,"href":"https:\/\/theinternationalobservatory.com\/index.php\/wp-json\/wp\/v2\/pages\/2634\/revisions\/5565"}],"up":[{"embeddable":true,"href":"https:\/\/theinternationalobservatory.com\/index.php\/wp-json\/wp\/v2\/pages\/739"}],"wp:attachment":[{"href":"https:\/\/theinternationalobservatory.com\/index.php\/wp-json\/wp\/v2\/media?parent=2634"}],"curies":[{"name":"wp","href":"https:\/\/api.w.org\/{rel}","templated":true}]}}