{"id":3805,"date":"2017-07-16T20:38:08","date_gmt":"2017-07-16T23:38:08","guid":{"rendered":"http:\/\/theinternationalobservatory.com\/?page_id=3805"},"modified":"2020-01-29T20:47:21","modified_gmt":"2020-01-29T23:47:21","slug":"queres-publicar-con-nosotros","status":"publish","type":"page","link":"https:\/\/theinternationalobservatory.com\/index.php\/queres-publicar-con-nosotros\/","title":{"rendered":"\u00bfQuer\u00e9s Publicar con nosotros?"},"content":{"rendered":"<div class=\"wpb-content-wrapper\"><p>[vc_row row_bg=&#8221;image&#8221; bg_paralax=&#8221;yes&#8221; bg_image=&#8221;3777&#8243; padding_top=&#8221;30&#8243; padding_bottom=&#8221;30&#8243;][vc_column]<div class=\"space\" style=\"height:15px;\"><\/div><div class=\"landing-title center wpb_content_element\"><h3 class=\"landing-title-tag\" style=\"font-size:42px;\">\u00bfQuer\u00e9s <strong>publicar<\/strong> con nosotros?<\/h3><\/div><div class=\"space\" style=\"height:15px;\"><\/div>[\/vc_column][\/vc_row][vc_row row_bg=&#8221;grey&#8221; padding_top=&#8221;30&#8243; padding_bottom=&#8221;40&#8243;][vc_column][vc_column_text]<\/p>\n<p style=\"text-align: center;\"><span style=\"color: #ff6600;\"><strong>\u00a1El Observatorio en Derecho Internacional te invita a publicar!<\/strong><\/span><\/p>\n<p style=\"text-align: center;\">El <strong>O<\/strong>bservatorio de <strong>D<\/strong>erecho <strong>I<\/strong>nternacional invita a personas formadas en derecho internacional, relaciones internacionales o ramas afines a colaborar con nosotros y realizar aportes y publicaciones en nuestro sitio.<\/p>\n<p style=\"text-align: center;\"><span style=\"color: #ff6600;\"><strong>\u00bfQu\u00e9 art\u00edculos puedo publicar para Today\u2019s International Law?<\/strong><\/span><\/p>\n<p style=\"text-align: center;\">Todo art\u00edculo con enfoque internacionalista es importante para nosotros. Terrorismo, Derecho Penal Internacional, Derecho de los Conflictos Armados, Derechos Humanos, son solo algunos ejemplos de temas que nos interesa. No obstante, cualquier art\u00edculo o ensayo de actualidad internacional es bienvenido para presentar.<\/p>\n<p style=\"text-align: center;\"><span style=\"color: #ff6600;\"><strong>\u00bfC\u00f3mo hago para publicarlo?<\/strong><\/span><\/p>\n<p style=\"text-align: center;\">Env\u00edanos tu art\u00edculo a theointernationallaw@gmail.com, lo revisamos y te avisamos si el mismo es publicable. Los derechos sobre los art\u00edculos permanecen al autor. Nuestro observatorio simplemente difunde el libre conocimiento, brindando un espacio profesional de alta calidad en la Web.<\/p>\n<p style=\"text-align: center;\"><span style=\"color: #ff6600;\"><strong>\u00bfPuedo solicitar publicar art\u00edculos ya presentados en otro lado?<\/strong><\/span><\/p>\n<p style=\"text-align: center;\">S\u00ed, no tenemos inconvenientes. S\u00f3lo averigua las condiciones de aquellos espacios donde lo hayas hecho. En general no hay problemas siempre que cites la primera publicaci\u00f3n.<\/p>\n<p style=\"text-align: center;\"><span style=\"color: #ff6600;\"><strong>\u00bfCu\u00e1ndo podr\u00e9 ver mi art\u00edculo cargado en el Observatorio?<\/strong><\/span><\/p>\n<p style=\"text-align: center;\">Dependiendo los plazos de entrega, estos normalmente ser\u00e1n revisados a la mayor brevedad posible. \u00a1Muy pronto podr\u00e1s seguramente ver tu articulo en Today&#8217;s International Law!<\/p>\n<p style=\"text-align: center;\">Ante cualquier otra consulta, no dudes en comunicarte con nosotros al correo suministrado aqu\u00ed arriba.<\/p>\n<p style=\"text-align: center;\"><span style=\"color: #ff6600;\"><strong>\u00a1Nos alegrar\u00e1 verte entre los autores de nuestro sitio!<\/strong><\/span><\/p>\n<p style=\"text-align: center;\">El <strong>O<\/strong>bservatorio de <strong>D<\/strong>erecho <strong>I<\/strong>nternacional<\/p>\n<p>[\/vc_column_text][\/vc_column][\/vc_row]<\/p>\n<\/div>","protected":false},"excerpt":{"rendered":"<p>[vc_row row_bg=&#8221;image&#8221; bg_paralax=&#8221;yes&#8221; bg_image=&#8221;3777&#8243; padding_top=&#8221;30&#8243; padding_bottom=&#8221;30&#8243;][vc_column][\/vc_column][\/vc_row][vc_row row_bg=&#8221;grey&#8221; padding_top=&#8221;30&#8243; padding_bottom=&#8221;40&#8243;][vc_column][vc_column_text] \u00a1El Observatorio en Derecho Internacional te invita a publicar! El Observatorio de Derecho Internacional invita a personas formadas en derecho internacional, relaciones internacionales o ramas afines a colaborar con nosotros y realizar aportes y publicaciones en nuestro sitio. \u00bfQu\u00e9 art\u00edculos puedo publicar para Today\u2019s International Law? Todo art\u00edculo con enfoque internacionalista es importante para nosotros. Terrorismo, Derecho Penal Internacional, Derecho de los Conflictos Armados, Derechos Humanos, son solo algunos ejemplos de temas que nos interesa. No obstante, cualquier art\u00edculo o ensayo de actualidad internacional es bienvenido para presentar. \u00bfC\u00f3mo hago para [&hellip;]<\/p>\n","protected":false},"author":1,"featured_media":0,"parent":0,"menu_order":0,"comment_status":"closed","ping_status":"closed","template":"template-full.php","meta":{"_monsterinsights_skip_tracking":false,"_monsterinsights_sitenote_active":false,"_monsterinsights_sitenote_note":"","_monsterinsights_sitenote_category":0,"footnotes":""},"class_list":["post-3805","page","type-page","status-publish","hentry"],"yoast_head":"<!-- This site is optimized with the Yoast SEO plugin v23.3 - https:\/\/yoast.com\/wordpress\/plugins\/seo\/ -->\n<title>\u00bfQuer\u00e9s Publicar con nosotros? - The Observatory of International Law<\/title>\n<meta name=\"robots\" content=\"index, follow, max-snippet:-1, max-image-preview:large, max-video-preview:-1\" \/>\n<link rel=\"canonical\" href=\"https:\/\/theinternationalobservatory.com\/index.php\/queres-publicar-con-nosotros\/\" \/>\n<meta property=\"og:locale\" content=\"es_ES\" \/>\n<meta property=\"og:type\" content=\"article\" \/>\n<meta property=\"og:title\" content=\"\u00bfQuer\u00e9s Publicar con nosotros? - The Observatory of International Law\" \/>\n<meta property=\"og:description\" content=\"[vc_row row_bg=&#8221;image&#8221; bg_paralax=&#8221;yes&#8221; bg_image=&#8221;3777&#8243; padding_top=&#8221;30&#8243; padding_bottom=&#8221;30&#8243;][vc_column][\/vc_column][\/vc_row][vc_row row_bg=&#8221;grey&#8221; padding_top=&#8221;30&#8243; padding_bottom=&#8221;40&#8243;][vc_column][vc_column_text] \u00a1El Observatorio en Derecho Internacional te invita a publicar! El Observatorio de Derecho Internacional invita a personas formadas en derecho internacional, relaciones internacionales o ramas afines a colaborar con nosotros y realizar aportes y publicaciones en nuestro sitio. \u00bfQu\u00e9 art\u00edculos puedo publicar para Today\u2019s International Law? Todo art\u00edculo con enfoque internacionalista es importante para nosotros. Terrorismo, Derecho Penal Internacional, Derecho de los Conflictos Armados, Derechos Humanos, son solo algunos ejemplos de temas que nos interesa. No obstante, cualquier art\u00edculo o ensayo de actualidad internacional es bienvenido para presentar. \u00bfC\u00f3mo hago para [&hellip;]\" \/>\n<meta property=\"og:url\" content=\"https:\/\/theinternationalobservatory.com\/index.php\/queres-publicar-con-nosotros\/\" \/>\n<meta property=\"og:site_name\" content=\"The Observatory of International Law\" \/>\n<meta property=\"article:publisher\" content=\"https:\/\/www.facebook.com\/theobservatoryofinternationallaw\/\" \/>\n<meta property=\"article:modified_time\" content=\"2020-01-29T23:47:21+00:00\" \/>\n<meta name=\"twitter:card\" content=\"summary_large_image\" \/>\n<meta name=\"twitter:site\" content=\"@The_OILaw\" \/>\n<meta name=\"twitter:label1\" content=\"Tiempo de lectura\" \/>\n\t<meta name=\"twitter:data1\" content=\"2 minutos\" \/>\n<script type=\"application\/ld+json\" class=\"yoast-schema-graph\">{\"@context\":\"https:\/\/schema.org\",\"@graph\":[{\"@type\":\"WebPage\",\"@id\":\"https:\/\/theinternationalobservatory.com\/index.php\/queres-publicar-con-nosotros\/\",\"url\":\"https:\/\/theinternationalobservatory.com\/index.php\/queres-publicar-con-nosotros\/\",\"name\":\"\u00bfQuer\u00e9s Publicar con nosotros? - The Observatory of International Law\",\"isPartOf\":{\"@id\":\"https:\/\/theinternationalobservatory.com\/#website\"},\"datePublished\":\"2017-07-16T23:38:08+00:00\",\"dateModified\":\"2020-01-29T23:47:21+00:00\",\"breadcrumb\":{\"@id\":\"https:\/\/theinternationalobservatory.com\/index.php\/queres-publicar-con-nosotros\/#breadcrumb\"},\"inLanguage\":\"es-AR\",\"potentialAction\":[{\"@type\":\"ReadAction\",\"target\":[\"https:\/\/theinternationalobservatory.com\/index.php\/queres-publicar-con-nosotros\/\"]}]},{\"@type\":\"BreadcrumbList\",\"@id\":\"https:\/\/theinternationalobservatory.com\/index.php\/queres-publicar-con-nosotros\/#breadcrumb\",\"itemListElement\":[{\"@type\":\"ListItem\",\"position\":1,\"name\":\"Inicio\",\"item\":\"https:\/\/theinternationalobservatory.com\/\"},{\"@type\":\"ListItem\",\"position\":2,\"name\":\"\u00bfQuer\u00e9s Publicar con nosotros?\"}]},{\"@type\":\"WebSite\",\"@id\":\"https:\/\/theinternationalobservatory.com\/#website\",\"url\":\"https:\/\/theinternationalobservatory.com\/\",\"name\":\"The Observatory of International Law\",\"description\":\"Interesting things in International Law\",\"potentialAction\":[{\"@type\":\"SearchAction\",\"target\":{\"@type\":\"EntryPoint\",\"urlTemplate\":\"https:\/\/theinternationalobservatory.com\/?s={search_term_string}\"},\"query-input\":\"required name=search_term_string\"}],\"inLanguage\":\"es-AR\"}]}<\/script>\n<!-- \/ Yoast SEO plugin. -->","yoast_head_json":{"title":"\u00bfQuer\u00e9s Publicar con nosotros? - The Observatory of International Law","robots":{"index":"index","follow":"follow","max-snippet":"max-snippet:-1","max-image-preview":"max-image-preview:large","max-video-preview":"max-video-preview:-1"},"canonical":"https:\/\/theinternationalobservatory.com\/index.php\/queres-publicar-con-nosotros\/","og_locale":"es_ES","og_type":"article","og_title":"\u00bfQuer\u00e9s Publicar con nosotros? - The Observatory of International Law","og_description":"[vc_row row_bg=&#8221;image&#8221; bg_paralax=&#8221;yes&#8221; bg_image=&#8221;3777&#8243; padding_top=&#8221;30&#8243; padding_bottom=&#8221;30&#8243;][vc_column][\/vc_column][\/vc_row][vc_row row_bg=&#8221;grey&#8221; padding_top=&#8221;30&#8243; padding_bottom=&#8221;40&#8243;][vc_column][vc_column_text] \u00a1El Observatorio en Derecho Internacional te invita a publicar! El Observatorio de Derecho Internacional invita a personas formadas en derecho internacional, relaciones internacionales o ramas afines a colaborar con nosotros y realizar aportes y publicaciones en nuestro sitio. \u00bfQu\u00e9 art\u00edculos puedo publicar para Today\u2019s International Law? Todo art\u00edculo con enfoque internacionalista es importante para nosotros. Terrorismo, Derecho Penal Internacional, Derecho de los Conflictos Armados, Derechos Humanos, son solo algunos ejemplos de temas que nos interesa. No obstante, cualquier art\u00edculo o ensayo de actualidad internacional es bienvenido para presentar. \u00bfC\u00f3mo hago para [&hellip;]","og_url":"https:\/\/theinternationalobservatory.com\/index.php\/queres-publicar-con-nosotros\/","og_site_name":"The Observatory of International Law","article_publisher":"https:\/\/www.facebook.com\/theobservatoryofinternationallaw\/","article_modified_time":"2020-01-29T23:47:21+00:00","twitter_card":"summary_large_image","twitter_site":"@The_OILaw","twitter_misc":{"Tiempo de lectura":"2 minutos"},"schema":{"@context":"https:\/\/schema.org","@graph":[{"@type":"WebPage","@id":"https:\/\/theinternationalobservatory.com\/index.php\/queres-publicar-con-nosotros\/","url":"https:\/\/theinternationalobservatory.com\/index.php\/queres-publicar-con-nosotros\/","name":"\u00bfQuer\u00e9s Publicar con nosotros? - The Observatory of International Law","isPartOf":{"@id":"https:\/\/theinternationalobservatory.com\/#website"},"datePublished":"2017-07-16T23:38:08+00:00","dateModified":"2020-01-29T23:47:21+00:00","breadcrumb":{"@id":"https:\/\/theinternationalobservatory.com\/index.php\/queres-publicar-con-nosotros\/#breadcrumb"},"inLanguage":"es-AR","potentialAction":[{"@type":"ReadAction","target":["https:\/\/theinternationalobservatory.com\/index.php\/queres-publicar-con-nosotros\/"]}]},{"@type":"BreadcrumbList","@id":"https:\/\/theinternationalobservatory.com\/index.php\/queres-publicar-con-nosotros\/#breadcrumb","itemListElement":[{"@type":"ListItem","position":1,"name":"Inicio","item":"https:\/\/theinternationalobservatory.com\/"},{"@type":"ListItem","position":2,"name":"\u00bfQuer\u00e9s Publicar con nosotros?"}]},{"@type":"WebSite","@id":"https:\/\/theinternationalobservatory.com\/#website","url":"https:\/\/theinternationalobservatory.com\/","name":"The Observatory of International Law","description":"Interesting things in International Law","potentialAction":[{"@type":"SearchAction","target":{"@type":"EntryPoint","urlTemplate":"https:\/\/theinternationalobservatory.com\/?s={search_term_string}"},"query-input":"required name=search_term_string"}],"inLanguage":"es-AR"}]}},"_links":{"self":[{"href":"https:\/\/theinternationalobservatory.com\/index.php\/wp-json\/wp\/v2\/pages\/3805"}],"collection":[{"href":"https:\/\/theinternationalobservatory.com\/index.php\/wp-json\/wp\/v2\/pages"}],"about":[{"href":"https:\/\/theinternationalobservatory.com\/index.php\/wp-json\/wp\/v2\/types\/page"}],"author":[{"embeddable":true,"href":"https:\/\/theinternationalobservatory.com\/index.php\/wp-json\/wp\/v2\/users\/1"}],"replies":[{"embeddable":true,"href":"https:\/\/theinternationalobservatory.com\/index.php\/wp-json\/wp\/v2\/comments?post=3805"}],"version-history":[{"count":13,"href":"https:\/\/theinternationalobservatory.com\/index.php\/wp-json\/wp\/v2\/pages\/3805\/revisions"}],"predecessor-version":[{"id":5374,"href":"https:\/\/theinternationalobservatory.com\/index.php\/wp-json\/wp\/v2\/pages\/3805\/revisions\/5374"}],"wp:attachment":[{"href":"https:\/\/theinternationalobservatory.com\/index.php\/wp-json\/wp\/v2\/media?parent=3805"}],"curies":[{"name":"wp","href":"https:\/\/api.w.org\/{rel}","templated":true}]}}