{"id":5141,"date":"2019-04-23T13:37:29","date_gmt":"2019-04-23T16:37:29","guid":{"rendered":"https:\/\/theinternationalobservatory.com\/?page_id=5141"},"modified":"2019-08-17T20:00:35","modified_gmt":"2019-08-17T23:00:35","slug":"biblioteca-internacional-online","status":"publish","type":"page","link":"https:\/\/theinternationalobservatory.com\/index.php\/biblioteca-internacional-online\/","title":{"rendered":"Biblioteca Online"},"content":{"rendered":"<div class=\"wpb-content-wrapper\"><p>[vc_row font_color=&#8221;dark&#8221; row_bg=&#8221;image&#8221; bg_paralax=&#8221;yes&#8221; bg_image=&#8221;3626&#8243; padding_top=&#8221;80&#8243; padding_bottom=&#8221;50&#8243;][vc_column]<div class=\"landing-title center wpb_content_element\"><h1 class=\"landing-title-tag\" style=\"font-size:45px;\">Biblioteca <strong>Digital<\/strong><\/h1><\/div>[\/vc_column][\/vc_row][vc_row row_bg=&#8221;grey&#8221;][vc_column]<div class=\"space\" style=\"height:25px;\"><\/div>[vc_column_text]<\/p>\n<h5 style=\"text-align: center;\">\u00a1Con un simple click, accede a instrumentos internacionales disponibles en la web o a sitios de relevancia que podr\u00e1n ayudarte en tu busqueda!<\/h5>\n<p>[\/vc_column_text]<div class=\"space\" style=\"height:25px;\"><\/div>[vc_column_text][\/vc_column_text][\/vc_column][\/vc_row][vc_row row_bg=&#8221;grey&#8221;][vc_column width=&#8221;1\/2&#8243;]<div class=\"space\" style=\"height:25px;\"><\/div><div class=\"landing-title center wpb_content_element animated \" data-gen=\"fadeInUp\"><h1 class=\"landing-title-tag\" style=\"font-size:28px;\">Sitios <strong>\u00datiles<\/strong><\/h1><\/div>[vc_button title=&#8221;IR&#8221; position=&#8221; tac&#8221; style=&#8221; border&#8221; size=&#8221; large&#8221; icon=&#8221;font-awesome&#8221; icon_awesome=&#8221;search&#8221; css_animation=&#8221;fadeInUp&#8221; font_color=&#8221;#dd9933&#8243; href=&#8221;https:\/\/theinternationalobservatory.com\/index.php\/sitios-utiles\/&#8221; border_color=&#8221;#dd9933&#8243;]<div class=\"space\" style=\"height:25px;\"><\/div>[\/vc_column][vc_column width=&#8221;1\/2&#8243;]<div class=\"space\" style=\"height:25px;\"><\/div><div class=\"landing-title center wpb_content_element animated \" data-gen=\"fadeInDown\"><h1 class=\"landing-title-tag\" style=\"font-size:28px;\">Documentos <strong>\u00datiles<\/strong><\/h1><\/div>[vc_button title=&#8221;IR&#8221; position=&#8221; tac&#8221; style=&#8221; border&#8221; size=&#8221; large&#8221; icon=&#8221;font-awesome&#8221; icon_awesome=&#8221;book&#8221; css_animation=&#8221;fadeInUp&#8221; font_color=&#8221;#dd9933&#8243; href=&#8221;https:\/\/theinternationalobservatory.com\/index.php\/pages\/documentos-utiles\/&#8221; border_color=&#8221;#dd9933&#8243;]<div class=\"space\" style=\"height:25px;\"><\/div>[\/vc_column][\/vc_row]<\/p>\n<\/div>","protected":false},"excerpt":{"rendered":"<p>[vc_row font_color=&#8221;dark&#8221; row_bg=&#8221;image&#8221; bg_paralax=&#8221;yes&#8221; bg_image=&#8221;3626&#8243; padding_top=&#8221;80&#8243; padding_bottom=&#8221;50&#8243;][vc_column][\/vc_column][\/vc_row][vc_row row_bg=&#8221;grey&#8221;][vc_column][vc_column_text] \u00a1Con un simple click, accede a instrumentos internacionales disponibles en la web o a sitios de relevancia que podr\u00e1n ayudarte en tu busqueda! [\/vc_column_text][vc_column_text][\/vc_column_text][\/vc_column][\/vc_row][vc_row row_bg=&#8221;grey&#8221;][vc_column width=&#8221;1\/2&#8243;][vc_button title=&#8221;IR&#8221; position=&#8221; tac&#8221; style=&#8221; border&#8221; size=&#8221; large&#8221; icon=&#8221;font-awesome&#8221; icon_awesome=&#8221;search&#8221; css_animation=&#8221;fadeInUp&#8221; font_color=&#8221;#dd9933&#8243; href=&#8221;https:\/\/theinternationalobservatory.com\/index.php\/sitios-utiles\/&#8221; border_color=&#8221;#dd9933&#8243;][\/vc_column][vc_column width=&#8221;1\/2&#8243;][vc_button title=&#8221;IR&#8221; position=&#8221; tac&#8221; style=&#8221; border&#8221; size=&#8221; large&#8221; icon=&#8221;font-awesome&#8221; icon_awesome=&#8221;book&#8221; css_animation=&#8221;fadeInUp&#8221; font_color=&#8221;#dd9933&#8243; href=&#8221;https:\/\/theinternationalobservatory.com\/index.php\/pages\/documentos-utiles\/&#8221; border_color=&#8221;#dd9933&#8243;][\/vc_column][\/vc_row]<\/p>\n","protected":false},"author":10,"featured_media":3622,"parent":0,"menu_order":0,"comment_status":"closed","ping_status":"closed","template":"template-full.php","meta":{"_monsterinsights_skip_tracking":false,"_monsterinsights_sitenote_active":false,"_monsterinsights_sitenote_note":"","_monsterinsights_sitenote_category":0,"footnotes":""},"class_list":["post-5141","page","type-page","status-publish","has-post-thumbnail","hentry"],"yoast_head":"<!-- This site is optimized with the Yoast SEO plugin v23.3 - https:\/\/yoast.com\/wordpress\/plugins\/seo\/ -->\n<title>Biblioteca Online - The Observatory of International Law<\/title>\n<meta name=\"description\" content=\"Aqu\u00ed podr\u00e1s encontrar informaci\u00f3n \u00fatil disponible en internet. Sitios web e instrumentos internacionales de relevancia.\" \/>\n<meta name=\"robots\" content=\"index, follow, max-snippet:-1, max-image-preview:large, max-video-preview:-1\" \/>\n<link rel=\"canonical\" href=\"https:\/\/theinternationalobservatory.com\/index.php\/biblioteca-internacional-online\/\" \/>\n<meta property=\"og:locale\" content=\"es_ES\" \/>\n<meta property=\"og:type\" content=\"article\" \/>\n<meta property=\"og:title\" content=\"Biblioteca Online - The Observatory of International Law\" \/>\n<meta property=\"og:description\" content=\"Aqu\u00ed podr\u00e1s encontrar informaci\u00f3n \u00fatil disponible en internet. Sitios web e instrumentos internacionales de relevancia.\" \/>\n<meta property=\"og:url\" content=\"https:\/\/theinternationalobservatory.com\/index.php\/biblioteca-internacional-online\/\" \/>\n<meta property=\"og:site_name\" content=\"The Observatory of International Law\" \/>\n<meta property=\"article:publisher\" content=\"https:\/\/www.facebook.com\/theobservatoryofinternationallaw\/\" \/>\n<meta property=\"article:modified_time\" content=\"2019-08-17T23:00:35+00:00\" \/>\n<meta property=\"og:image\" content=\"https:\/\/theinternationalobservatory.com\/wp-content\/uploads\/2017\/07\/141125-vos-peace-palace-darken.jpg\" \/>\n\t<meta property=\"og:image:width\" content=\"2048\" \/>\n\t<meta property=\"og:image:height\" content=\"1399\" \/>\n\t<meta property=\"og:image:type\" content=\"image\/jpeg\" \/>\n<meta name=\"twitter:card\" content=\"summary_large_image\" \/>\n<meta name=\"twitter:site\" content=\"@The_OILaw\" \/>\n<meta name=\"twitter:label1\" content=\"Tiempo de lectura\" \/>\n\t<meta name=\"twitter:data1\" content=\"1 minuto\" \/>\n<script type=\"application\/ld+json\" class=\"yoast-schema-graph\">{\"@context\":\"https:\/\/schema.org\",\"@graph\":[{\"@type\":\"WebPage\",\"@id\":\"https:\/\/theinternationalobservatory.com\/index.php\/biblioteca-internacional-online\/\",\"url\":\"https:\/\/theinternationalobservatory.com\/index.php\/biblioteca-internacional-online\/\",\"name\":\"Biblioteca Online - The Observatory of International Law\",\"isPartOf\":{\"@id\":\"https:\/\/theinternationalobservatory.com\/#website\"},\"primaryImageOfPage\":{\"@id\":\"https:\/\/theinternationalobservatory.com\/index.php\/biblioteca-internacional-online\/#primaryimage\"},\"image\":{\"@id\":\"https:\/\/theinternationalobservatory.com\/index.php\/biblioteca-internacional-online\/#primaryimage\"},\"thumbnailUrl\":\"https:\/\/theinternationalobservatory.com\/wp-content\/uploads\/2017\/07\/141125-vos-peace-palace-darken.jpg\",\"datePublished\":\"2019-04-23T16:37:29+00:00\",\"dateModified\":\"2019-08-17T23:00:35+00:00\",\"description\":\"Aqu\u00ed podr\u00e1s encontrar informaci\u00f3n \u00fatil disponible en internet. Sitios web e instrumentos internacionales de relevancia.\",\"breadcrumb\":{\"@id\":\"https:\/\/theinternationalobservatory.com\/index.php\/biblioteca-internacional-online\/#breadcrumb\"},\"inLanguage\":\"es-AR\",\"potentialAction\":[{\"@type\":\"ReadAction\",\"target\":[\"https:\/\/theinternationalobservatory.com\/index.php\/biblioteca-internacional-online\/\"]}]},{\"@type\":\"ImageObject\",\"inLanguage\":\"es-AR\",\"@id\":\"https:\/\/theinternationalobservatory.com\/index.php\/biblioteca-internacional-online\/#primaryimage\",\"url\":\"https:\/\/theinternationalobservatory.com\/wp-content\/uploads\/2017\/07\/141125-vos-peace-palace-darken.jpg\",\"contentUrl\":\"https:\/\/theinternationalobservatory.com\/wp-content\/uploads\/2017\/07\/141125-vos-peace-palace-darken.jpg\",\"width\":2048,\"height\":1399},{\"@type\":\"BreadcrumbList\",\"@id\":\"https:\/\/theinternationalobservatory.com\/index.php\/biblioteca-internacional-online\/#breadcrumb\",\"itemListElement\":[{\"@type\":\"ListItem\",\"position\":1,\"name\":\"Inicio\",\"item\":\"https:\/\/theinternationalobservatory.com\/\"},{\"@type\":\"ListItem\",\"position\":2,\"name\":\"Biblioteca Online\"}]},{\"@type\":\"WebSite\",\"@id\":\"https:\/\/theinternationalobservatory.com\/#website\",\"url\":\"https:\/\/theinternationalobservatory.com\/\",\"name\":\"The Observatory of International Law\",\"description\":\"Interesting things in International Law\",\"potentialAction\":[{\"@type\":\"SearchAction\",\"target\":{\"@type\":\"EntryPoint\",\"urlTemplate\":\"https:\/\/theinternationalobservatory.com\/?s={search_term_string}\"},\"query-input\":\"required name=search_term_string\"}],\"inLanguage\":\"es-AR\"}]}<\/script>\n<!-- \/ Yoast SEO plugin. -->","yoast_head_json":{"title":"Biblioteca Online - The Observatory of International Law","description":"Aqu\u00ed podr\u00e1s encontrar informaci\u00f3n \u00fatil disponible en internet. Sitios web e instrumentos internacionales de relevancia.","robots":{"index":"index","follow":"follow","max-snippet":"max-snippet:-1","max-image-preview":"max-image-preview:large","max-video-preview":"max-video-preview:-1"},"canonical":"https:\/\/theinternationalobservatory.com\/index.php\/biblioteca-internacional-online\/","og_locale":"es_ES","og_type":"article","og_title":"Biblioteca Online - The Observatory of International Law","og_description":"Aqu\u00ed podr\u00e1s encontrar informaci\u00f3n \u00fatil disponible en internet. Sitios web e instrumentos internacionales de relevancia.","og_url":"https:\/\/theinternationalobservatory.com\/index.php\/biblioteca-internacional-online\/","og_site_name":"The Observatory of International Law","article_publisher":"https:\/\/www.facebook.com\/theobservatoryofinternationallaw\/","article_modified_time":"2019-08-17T23:00:35+00:00","og_image":[{"width":2048,"height":1399,"url":"https:\/\/theinternationalobservatory.com\/wp-content\/uploads\/2017\/07\/141125-vos-peace-palace-darken.jpg","type":"image\/jpeg"}],"twitter_card":"summary_large_image","twitter_site":"@The_OILaw","twitter_misc":{"Tiempo de lectura":"1 minuto"},"schema":{"@context":"https:\/\/schema.org","@graph":[{"@type":"WebPage","@id":"https:\/\/theinternationalobservatory.com\/index.php\/biblioteca-internacional-online\/","url":"https:\/\/theinternationalobservatory.com\/index.php\/biblioteca-internacional-online\/","name":"Biblioteca Online - The Observatory of International Law","isPartOf":{"@id":"https:\/\/theinternationalobservatory.com\/#website"},"primaryImageOfPage":{"@id":"https:\/\/theinternationalobservatory.com\/index.php\/biblioteca-internacional-online\/#primaryimage"},"image":{"@id":"https:\/\/theinternationalobservatory.com\/index.php\/biblioteca-internacional-online\/#primaryimage"},"thumbnailUrl":"https:\/\/theinternationalobservatory.com\/wp-content\/uploads\/2017\/07\/141125-vos-peace-palace-darken.jpg","datePublished":"2019-04-23T16:37:29+00:00","dateModified":"2019-08-17T23:00:35+00:00","description":"Aqu\u00ed podr\u00e1s encontrar informaci\u00f3n \u00fatil disponible en internet. Sitios web e instrumentos internacionales de relevancia.","breadcrumb":{"@id":"https:\/\/theinternationalobservatory.com\/index.php\/biblioteca-internacional-online\/#breadcrumb"},"inLanguage":"es-AR","potentialAction":[{"@type":"ReadAction","target":["https:\/\/theinternationalobservatory.com\/index.php\/biblioteca-internacional-online\/"]}]},{"@type":"ImageObject","inLanguage":"es-AR","@id":"https:\/\/theinternationalobservatory.com\/index.php\/biblioteca-internacional-online\/#primaryimage","url":"https:\/\/theinternationalobservatory.com\/wp-content\/uploads\/2017\/07\/141125-vos-peace-palace-darken.jpg","contentUrl":"https:\/\/theinternationalobservatory.com\/wp-content\/uploads\/2017\/07\/141125-vos-peace-palace-darken.jpg","width":2048,"height":1399},{"@type":"BreadcrumbList","@id":"https:\/\/theinternationalobservatory.com\/index.php\/biblioteca-internacional-online\/#breadcrumb","itemListElement":[{"@type":"ListItem","position":1,"name":"Inicio","item":"https:\/\/theinternationalobservatory.com\/"},{"@type":"ListItem","position":2,"name":"Biblioteca Online"}]},{"@type":"WebSite","@id":"https:\/\/theinternationalobservatory.com\/#website","url":"https:\/\/theinternationalobservatory.com\/","name":"The Observatory of International Law","description":"Interesting things in International Law","potentialAction":[{"@type":"SearchAction","target":{"@type":"EntryPoint","urlTemplate":"https:\/\/theinternationalobservatory.com\/?s={search_term_string}"},"query-input":"required name=search_term_string"}],"inLanguage":"es-AR"}]}},"_links":{"self":[{"href":"https:\/\/theinternationalobservatory.com\/index.php\/wp-json\/wp\/v2\/pages\/5141"}],"collection":[{"href":"https:\/\/theinternationalobservatory.com\/index.php\/wp-json\/wp\/v2\/pages"}],"about":[{"href":"https:\/\/theinternationalobservatory.com\/index.php\/wp-json\/wp\/v2\/types\/page"}],"author":[{"embeddable":true,"href":"https:\/\/theinternationalobservatory.com\/index.php\/wp-json\/wp\/v2\/users\/10"}],"replies":[{"embeddable":true,"href":"https:\/\/theinternationalobservatory.com\/index.php\/wp-json\/wp\/v2\/comments?post=5141"}],"version-history":[{"count":19,"href":"https:\/\/theinternationalobservatory.com\/index.php\/wp-json\/wp\/v2\/pages\/5141\/revisions"}],"predecessor-version":[{"id":5182,"href":"https:\/\/theinternationalobservatory.com\/index.php\/wp-json\/wp\/v2\/pages\/5141\/revisions\/5182"}],"wp:featuredmedia":[{"embeddable":true,"href":"https:\/\/theinternationalobservatory.com\/index.php\/wp-json\/wp\/v2\/media\/3622"}],"wp:attachment":[{"href":"https:\/\/theinternationalobservatory.com\/index.php\/wp-json\/wp\/v2\/media?parent=5141"}],"curies":[{"name":"wp","href":"https:\/\/api.w.org\/{rel}","templated":true}]}}