{"id":5149,"date":"2023-07-13T00:42:48","date_gmt":"2023-07-13T03:42:48","guid":{"rendered":"https:\/\/theinternationalobservatory.com\/?page_id=5149"},"modified":"2023-07-13T00:42:48","modified_gmt":"2023-07-13T03:42:48","slug":"guia-practica-derecho-internacional","status":"publish","type":"page","link":"https:\/\/theinternationalobservatory.com\/index.php\/guia-practica-derecho-internacional\/","title":{"rendered":"Gu\u00eda Pr\u00e1ctica Derecho Internacional"},"content":{"rendered":"<div class=\"wpb-content-wrapper\"><p>[vc_row row_bg=&#8221;grey&#8221; padding_top=&#8221;40px&#8221; padding_bottom=&#8221;40px&#8221;][vc_column width=&#8221;2\/3&#8243;]<div class=\"landing-title center wpb_content_element animated \" data-gen=\"fadeInDown\"><h1 class=\"landing-title-tag\" style=\"font-size:28px;\">\u00a1Aprende <strong>Respondiendo<\/strong>!<\/h1><\/div>[vc_column_text css_animation=&#8221;bigEntrance&#8221;]Emb\u00e1rcate en un viaje apasionante a trav\u00e9s del Derecho Internacional P\u00fablico con este recurso indispensable. Este libro no solo te ayudar\u00e1 a entender los fundamentos de esta disciplina, sino que tambi\u00e9n explorar\u00e1 temas complejos y actuales en detalle.<\/p>\n<p>Dise\u00f1ado como una gu\u00eda exhaustiva, el libro aborda un amplio espectro de temas que incluyen los actores y fuentes del derecho internacional, el uso de la fuerza, la resoluci\u00f3n pac\u00edfica de conflictos, el derecho del mar, la protecci\u00f3n diplom\u00e1tica, las inmunidades, el papel de las organizaciones internacionales y la responsabilidad internacional. Cada cap\u00edtulo est\u00e1 dise\u00f1ado para proporcionar una visi\u00f3n detallada y accesible de su tema, utilizando preguntas y respuestas, ejercicios pr\u00e1cticos y an\u00e1lisis de casos para facilitar la comprensi\u00f3n y el aprendizaje.<\/p>\n<p>A trav\u00e9s de m\u00e1s de 370 preguntas y respuestas, ejercicios pr\u00e1cticos y an\u00e1lisis de casos preparadas y dise\u00f1adas para esta gu\u00eda, este manual ofrece una manera efectiva y atractiva para aprender, repasar y autoevaluar tus conocimientos. Ya seas un estudiante, un profesor, un aspirante a diplom\u00e1tico, un profesional del campo o simplemente seas alguien buscando enriquecer tu conocimiento personal, este recurso es una innovadora herramienta que te permitir\u00e1 profundizar tu comprensi\u00f3n y aplicar las normas internacionales con un enfoque pr\u00e1ctico y did\u00e1ctico que facilite la comprensi\u00f3n y aplicaci\u00f3n de las normas internacionales.<\/p>\n<p>Descubre c\u00f3mo el Derecho Internacional P\u00fablico se aplica en situaciones reales, c\u00f3mo afecta nuestras vidas cotidianas y c\u00f3mo se utiliza para enfrentar los desaf\u00edos globales de nuestro tiempo. Ad\u00e9ntrate en este viaje para mejorar tus conocimientos y habilidades en esta disciplina cada vez m\u00e1s relevante en nuestro mundo globalizado.<\/p>\n<p>\u00a1Adquir\u00ed la gu\u00eda a trav\u00e9s de Amazon en formato electr\u00f3nico o en fisico![\/vc_column_text]<div class=\"space\" style=\"height:30px;\"><\/div>[vc_single_image image=&#8221;5657&#8243; alignment=&#8221;center&#8221; img_size=&#8221;400&#215;600&#8243; link=&#8221;https:\/\/www.amazon.com\/dp\/B0CBQ8P8YH&#8221; onclick=&#8221;custom_link&#8221;]<div class=\"space\" style=\"height:25px;\"><\/div>[vc_column_text]<strong>Los doce cap\u00edtulos que conforman este libro abordan distintas \u00e1reas del Derecho Internacional P\u00fablico:<\/strong><\/p>\n<ol>\n<li>Sujetos del Derecho Internacional P\u00fablico<\/li>\n<li>Fuentes del Derecho Internacional (Se analiza la jerarqu\u00eda y la interacci\u00f3nentre las diversas fuentes del derecho internacional, incluyendo los tratados, la costumbre, los principios generales, la jurisprudencia y la doctrina).<\/li>\n<li>Tratados Internacionales<\/li>\n<li>La Costumbre<\/li>\n<li>Principios del Derecho Internacional (Se exploran algunos de los principios fundamentales del derecho internacional, como el principio de no intervenci\u00f3n en asuntos internos y la autodeterminaci\u00f3n de los pueblos.)<\/li>\n<li>Abstenci\u00f3n y Uso de la Fuerza<\/li>\n<li>Soluci\u00f3n Pac\u00edfica de Controversias<\/li>\n<li>Derecho del Mar<\/li>\n<li>Protecci\u00f3n Diplom\u00e1tica<\/li>\n<li>Inmunidad de Jurisdicci\u00f3n<\/li>\n<li>Organizaciones Internacionales y la ONU<\/li>\n<li>Responsabilidad Internacional del Estado por Hechos Il\u00edcitos<\/li>\n<\/ol>\n<p>[\/vc_column_text][\/vc_column][vc_column width=&#8221;1\/3&#8243;]<div class=\"wpb_content_element rdicon-component  animated \" data-gen=\"fadeInRight\"><div class=\"rdicon-box  icon-left icon-circle\"><div class=\"rdicon-icon\"><i class=\" rdicon-box-icon fa fa-male \" style=\" color:#db6708; font-size:28px; width:28px; height:28px; border:  1px  solid #db6708;  padding: 5px;\"><\/i><\/div> <!-- icon --><div class=\"rdicon-header\"><h3 class=\"rdicon-title\">Ingreso al Servicio Diplom\u00e1tico<\/h3><\/div> <!-- header --><\/div><\/div><div class=\"wpb_content_element rdicon-component  animated \" data-gen=\"fadeInRight\"><div class=\"rdicon-box  icon-left icon-circle\"><div class=\"rdicon-icon\"><i class=\" rdicon-box-icon fa fa-pencil-square-o \" style=\" color:#db6708; font-size:28px; width:28px; height:28px; border:  1px  solid #db6708;  padding: 5px;\"><\/i><\/div> <!-- icon --><div class=\"rdicon-header\"><h3 class=\"rdicon-title\">Ex\u00e1menes Universitarios<\/h3><\/div> <!-- header --><\/div><\/div><div class=\"wpb_content_element rdicon-component  animated \" data-gen=\"fadeInRight\"><div class=\"rdicon-box  icon-left icon-circle\"><div class=\"rdicon-icon\"><i class=\" rdicon-box-icon fa fa-briefcase \" style=\" color:#db6708; font-size:28px; width:28px; height:28px; border:  1px  solid #db6708;  padding: 5px;\"><\/i><\/div> <!-- icon --><div class=\"rdicon-header\"><h3 class=\"rdicon-title\">Testea tu conocimiento<\/h3><\/div> <!-- header --><\/div><\/div><div class=\"wpb_content_element rdicon-component  animated \" data-gen=\"fadeInRight\"><div class=\"rdicon-box  icon-left icon-circle\"><div class=\"rdicon-icon\"><i class=\" rdicon-box-icon fa fa-cogs \" style=\" color:#db6708; font-size:28px; width:28px; height:28px; border:  1px  solid #db6708;  padding: 5px;\"><\/i><\/div> <!-- icon --><div class=\"rdicon-header\"><h3 class=\"rdicon-title\">Repasa tu Conocimiento<\/h3><\/div> <!-- header --><\/div><\/div>[\/vc_column][\/vc_row][vc_row row_bg=&#8221;grey&#8221;][vc_column]<div class=\"space\" style=\"height:10px;\"><\/div>[vc_separator][\/vc_column][\/vc_row]<\/p>\n<\/div>","protected":false},"excerpt":{"rendered":"<p>[vc_row row_bg=&#8221;grey&#8221; padding_top=&#8221;40px&#8221; padding_bottom=&#8221;40px&#8221;][vc_column width=&#8221;2\/3&#8243;][vc_column_text css_animation=&#8221;bigEntrance&#8221;]Emb\u00e1rcate en un viaje apasionante a trav\u00e9s del Derecho Internacional P\u00fablico con este recurso indispensable. Este libro no solo te ayudar\u00e1 a entender los fundamentos de esta disciplina, sino que tambi\u00e9n explorar\u00e1 temas complejos y actuales en detalle. Dise\u00f1ado como una gu\u00eda exhaustiva, el libro aborda un amplio espectro de temas que incluyen los actores y fuentes del derecho internacional, el uso de la fuerza, la resoluci\u00f3n pac\u00edfica de conflictos, el derecho del mar, la protecci\u00f3n diplom\u00e1tica, las inmunidades, el papel de las organizaciones internacionales y la responsabilidad internacional. Cada cap\u00edtulo est\u00e1 dise\u00f1ado para proporcionar [&hellip;]<\/p>\n","protected":false},"author":1,"featured_media":0,"parent":0,"menu_order":0,"comment_status":"closed","ping_status":"closed","template":"sample-template-header2.php","meta":{"_monsterinsights_skip_tracking":false,"_monsterinsights_sitenote_active":false,"_monsterinsights_sitenote_note":"","_monsterinsights_sitenote_category":0,"footnotes":""},"class_list":["post-5149","page","type-page","status-publish","hentry"],"yoast_head":"<!-- This site is optimized with the Yoast SEO plugin v23.3 - https:\/\/yoast.com\/wordpress\/plugins\/seo\/ -->\n<title>Gu\u00eda Pr\u00e1ctica Derecho Internacional - The Observatory of International Law<\/title>\n<meta name=\"robots\" content=\"index, follow, max-snippet:-1, max-image-preview:large, max-video-preview:-1\" \/>\n<link rel=\"canonical\" href=\"https:\/\/theinternationalobservatory.com\/index.php\/guia-practica-derecho-internacional\/\" \/>\n<meta property=\"og:locale\" content=\"es_ES\" \/>\n<meta property=\"og:type\" content=\"article\" \/>\n<meta property=\"og:title\" content=\"Gu\u00eda Pr\u00e1ctica Derecho Internacional - The Observatory of International Law\" \/>\n<meta property=\"og:description\" content=\"[vc_row row_bg=&#8221;grey&#8221; padding_top=&#8221;40px&#8221; padding_bottom=&#8221;40px&#8221;][vc_column width=&#8221;2\/3&#8243;][vc_column_text css_animation=&#8221;bigEntrance&#8221;]Emb\u00e1rcate en un viaje apasionante a trav\u00e9s del Derecho Internacional P\u00fablico con este recurso indispensable. Este libro no solo te ayudar\u00e1 a entender los fundamentos de esta disciplina, sino que tambi\u00e9n explorar\u00e1 temas complejos y actuales en detalle. Dise\u00f1ado como una gu\u00eda exhaustiva, el libro aborda un amplio espectro de temas que incluyen los actores y fuentes del derecho internacional, el uso de la fuerza, la resoluci\u00f3n pac\u00edfica de conflictos, el derecho del mar, la protecci\u00f3n diplom\u00e1tica, las inmunidades, el papel de las organizaciones internacionales y la responsabilidad internacional. Cada cap\u00edtulo est\u00e1 dise\u00f1ado para proporcionar [&hellip;]\" \/>\n<meta property=\"og:url\" content=\"https:\/\/theinternationalobservatory.com\/index.php\/guia-practica-derecho-internacional\/\" \/>\n<meta property=\"og:site_name\" content=\"The Observatory of International Law\" \/>\n<meta property=\"article:publisher\" content=\"https:\/\/www.facebook.com\/theobservatoryofinternationallaw\/\" \/>\n<meta name=\"twitter:card\" content=\"summary_large_image\" \/>\n<meta name=\"twitter:site\" content=\"@The_OILaw\" \/>\n<meta name=\"twitter:label1\" content=\"Tiempo de lectura\" \/>\n\t<meta name=\"twitter:data1\" content=\"3 minutos\" \/>\n<script type=\"application\/ld+json\" class=\"yoast-schema-graph\">{\"@context\":\"https:\/\/schema.org\",\"@graph\":[{\"@type\":\"WebPage\",\"@id\":\"https:\/\/theinternationalobservatory.com\/index.php\/guia-practica-derecho-internacional\/\",\"url\":\"https:\/\/theinternationalobservatory.com\/index.php\/guia-practica-derecho-internacional\/\",\"name\":\"Gu\u00eda Pr\u00e1ctica Derecho Internacional - The Observatory of International Law\",\"isPartOf\":{\"@id\":\"https:\/\/theinternationalobservatory.com\/#website\"},\"datePublished\":\"2023-07-13T03:42:48+00:00\",\"dateModified\":\"2023-07-13T03:42:48+00:00\",\"breadcrumb\":{\"@id\":\"https:\/\/theinternationalobservatory.com\/index.php\/guia-practica-derecho-internacional\/#breadcrumb\"},\"inLanguage\":\"es-AR\",\"potentialAction\":[{\"@type\":\"ReadAction\",\"target\":[\"https:\/\/theinternationalobservatory.com\/index.php\/guia-practica-derecho-internacional\/\"]}]},{\"@type\":\"BreadcrumbList\",\"@id\":\"https:\/\/theinternationalobservatory.com\/index.php\/guia-practica-derecho-internacional\/#breadcrumb\",\"itemListElement\":[{\"@type\":\"ListItem\",\"position\":1,\"name\":\"Inicio\",\"item\":\"https:\/\/theinternationalobservatory.com\/\"},{\"@type\":\"ListItem\",\"position\":2,\"name\":\"Gu\u00eda Pr\u00e1ctica Derecho Internacional\"}]},{\"@type\":\"WebSite\",\"@id\":\"https:\/\/theinternationalobservatory.com\/#website\",\"url\":\"https:\/\/theinternationalobservatory.com\/\",\"name\":\"The Observatory of International Law\",\"description\":\"Interesting things in International Law\",\"potentialAction\":[{\"@type\":\"SearchAction\",\"target\":{\"@type\":\"EntryPoint\",\"urlTemplate\":\"https:\/\/theinternationalobservatory.com\/?s={search_term_string}\"},\"query-input\":\"required name=search_term_string\"}],\"inLanguage\":\"es-AR\"}]}<\/script>\n<!-- \/ Yoast SEO plugin. -->","yoast_head_json":{"title":"Gu\u00eda Pr\u00e1ctica Derecho Internacional - The Observatory of International Law","robots":{"index":"index","follow":"follow","max-snippet":"max-snippet:-1","max-image-preview":"max-image-preview:large","max-video-preview":"max-video-preview:-1"},"canonical":"https:\/\/theinternationalobservatory.com\/index.php\/guia-practica-derecho-internacional\/","og_locale":"es_ES","og_type":"article","og_title":"Gu\u00eda Pr\u00e1ctica Derecho Internacional - The Observatory of International Law","og_description":"[vc_row row_bg=&#8221;grey&#8221; padding_top=&#8221;40px&#8221; padding_bottom=&#8221;40px&#8221;][vc_column width=&#8221;2\/3&#8243;][vc_column_text css_animation=&#8221;bigEntrance&#8221;]Emb\u00e1rcate en un viaje apasionante a trav\u00e9s del Derecho Internacional P\u00fablico con este recurso indispensable. Este libro no solo te ayudar\u00e1 a entender los fundamentos de esta disciplina, sino que tambi\u00e9n explorar\u00e1 temas complejos y actuales en detalle. Dise\u00f1ado como una gu\u00eda exhaustiva, el libro aborda un amplio espectro de temas que incluyen los actores y fuentes del derecho internacional, el uso de la fuerza, la resoluci\u00f3n pac\u00edfica de conflictos, el derecho del mar, la protecci\u00f3n diplom\u00e1tica, las inmunidades, el papel de las organizaciones internacionales y la responsabilidad internacional. Cada cap\u00edtulo est\u00e1 dise\u00f1ado para proporcionar [&hellip;]","og_url":"https:\/\/theinternationalobservatory.com\/index.php\/guia-practica-derecho-internacional\/","og_site_name":"The Observatory of International Law","article_publisher":"https:\/\/www.facebook.com\/theobservatoryofinternationallaw\/","twitter_card":"summary_large_image","twitter_site":"@The_OILaw","twitter_misc":{"Tiempo de lectura":"3 minutos"},"schema":{"@context":"https:\/\/schema.org","@graph":[{"@type":"WebPage","@id":"https:\/\/theinternationalobservatory.com\/index.php\/guia-practica-derecho-internacional\/","url":"https:\/\/theinternationalobservatory.com\/index.php\/guia-practica-derecho-internacional\/","name":"Gu\u00eda Pr\u00e1ctica Derecho Internacional - The Observatory of International Law","isPartOf":{"@id":"https:\/\/theinternationalobservatory.com\/#website"},"datePublished":"2023-07-13T03:42:48+00:00","dateModified":"2023-07-13T03:42:48+00:00","breadcrumb":{"@id":"https:\/\/theinternationalobservatory.com\/index.php\/guia-practica-derecho-internacional\/#breadcrumb"},"inLanguage":"es-AR","potentialAction":[{"@type":"ReadAction","target":["https:\/\/theinternationalobservatory.com\/index.php\/guia-practica-derecho-internacional\/"]}]},{"@type":"BreadcrumbList","@id":"https:\/\/theinternationalobservatory.com\/index.php\/guia-practica-derecho-internacional\/#breadcrumb","itemListElement":[{"@type":"ListItem","position":1,"name":"Inicio","item":"https:\/\/theinternationalobservatory.com\/"},{"@type":"ListItem","position":2,"name":"Gu\u00eda Pr\u00e1ctica Derecho Internacional"}]},{"@type":"WebSite","@id":"https:\/\/theinternationalobservatory.com\/#website","url":"https:\/\/theinternationalobservatory.com\/","name":"The Observatory of International Law","description":"Interesting things in International Law","potentialAction":[{"@type":"SearchAction","target":{"@type":"EntryPoint","urlTemplate":"https:\/\/theinternationalobservatory.com\/?s={search_term_string}"},"query-input":"required name=search_term_string"}],"inLanguage":"es-AR"}]}},"_links":{"self":[{"href":"https:\/\/theinternationalobservatory.com\/index.php\/wp-json\/wp\/v2\/pages\/5149"}],"collection":[{"href":"https:\/\/theinternationalobservatory.com\/index.php\/wp-json\/wp\/v2\/pages"}],"about":[{"href":"https:\/\/theinternationalobservatory.com\/index.php\/wp-json\/wp\/v2\/types\/page"}],"author":[{"embeddable":true,"href":"https:\/\/theinternationalobservatory.com\/index.php\/wp-json\/wp\/v2\/users\/1"}],"replies":[{"embeddable":true,"href":"https:\/\/theinternationalobservatory.com\/index.php\/wp-json\/wp\/v2\/comments?post=5149"}],"version-history":[{"count":14,"href":"https:\/\/theinternationalobservatory.com\/index.php\/wp-json\/wp\/v2\/pages\/5149\/revisions"}],"predecessor-version":[{"id":5680,"href":"https:\/\/theinternationalobservatory.com\/index.php\/wp-json\/wp\/v2\/pages\/5149\/revisions\/5680"}],"wp:attachment":[{"href":"https:\/\/theinternationalobservatory.com\/index.php\/wp-json\/wp\/v2\/media?parent=5149"}],"curies":[{"name":"wp","href":"https:\/\/api.w.org\/{rel}","templated":true}]}}