{"id":5151,"date":"2019-04-23T13:59:24","date_gmt":"2019-04-23T16:59:24","guid":{"rendered":"https:\/\/theinternationalobservatory.com\/?page_id=5151"},"modified":"2019-04-23T14:01:46","modified_gmt":"2019-04-23T17:01:46","slug":"documentos-utiles","status":"publish","type":"page","link":"https:\/\/theinternationalobservatory.com\/index.php\/pages\/documentos-utiles\/","title":{"rendered":"Documentos \u00datiles"},"content":{"rendered":"<div class=\"wpb-content-wrapper\"><p>[vc_row row_bg=&#8221;grey&#8221; padding_bottom=&#8221;40&#8243;][vc_column]<div class=\"space\" style=\"height:25px;\"><\/div>[vc_column_text]<\/p>\r\n<p style=\"text-align: center;\"><strong>i.<\/strong> <a href=\"http:\/\/www.un.org\/es\/documents\/charter\/\">Carta de las Naciones Unidas<\/a><\/p>\r\n<p style=\"text-align: center;\">\u00a0<strong>ii.<\/strong> <a href=\"http:\/\/www.un.org\/es\/documents\/icjstatute\/chap1.htm\">Estatuto de la Corte Internacional de Justicia<\/a><\/p>\r\n\r\n<p style=\"text-align: center;\">\u00a0<strong>iii.<\/strong> <a href=\"http:\/\/www.oas.org\/legal\/spanish\/documentos\/convencionviena.htm\">Convenci\u00f3n de Viena sobre Relaciones Diplom\u00e1ticas, 18 de abril de 1961<\/a><\/p>\r\n\r\n<p style=\"text-align: center;\">\u00a0<strong>iv.<\/strong> <a href=\"https:\/\/www.oas.org\/dil\/esp\/Convencion_de_Viena_sobre_derecho_tratados_Colombia.pdf\">Convenci\u00f3n de Viena sobre el derecho de los tratados,\u00a0Viena, 23 de mayo de 1969<\/a><\/p>\r\n\r\n<p style=\"text-align: center;\">\u00a0<strong>v.<\/strong> <a href=\"http:\/\/www.un.org\/depts\/los\/convention_agreements\/texts\/unclos\/convemar_es.pdf\">Convenci\u00f3n de las Naciones Unidas\u00a0sobre el Derecho del Mar,\u00a0Montego Bay, 10 de diciembre de 1982<\/a><\/p>\r\n\r\n<p style=\"text-align: center;\">\u00a0<strong>vi.<\/strong>\u00a0<a href=\"http:\/\/daccess-dds-ny.un.org\/doc\/RESOLUTION\/GEN\/NR0\/046\/82\/IMG\/NR004682.pdf?OpenElement\">Declaraci\u00f3n Universal de los derechos del hombre de 1948<\/a><\/p>\r\n\r\n<p style=\"text-align: center;\">\u00a0<strong>vii.<\/strong> <a href=\"http:\/\/www2.ohchr.org\/spanish\/law\/ccpr.htm\">Pacto Internacional de derechos civiles y pol\u00edticos, 23 de marzo de 1976<\/a><\/p>\r\n\r\n<p style=\"text-align: center;\">\u00a0<strong>viii.<\/strong> <a href=\"http:\/\/www2.ohchr.org\/spanish\/law\/cescr.htm\">Pacto Internacional de derechos econ\u00f3micos, sociales y culturales, 3 de enero de 1976<\/a><\/p>\r\n\r\n<p style=\"text-align: center;\">\u00a0<strong>ix.<\/strong>\u00a0<a href=\"http:\/\/www.echr.coe.int\/Documents\/Convention_SPA.pdf\">Convenio para la Protecci\u00f3n \u00a0de los Derechos Humanos y de las Libertades Fundamentales,\u00a0Roma el 4 de noviembre de 1950, y enmendado por los Protocolos adicionales n\u00fameros 3 y 5, de 6 de mayo de 1963 y 20 de enero de 1966, respectivamente.<\/a><\/p>\r\n\r\n<p style=\"text-align: center;\">\u00a0<strong>x.<\/strong>\u00a0<a href=\"http:\/\/www.oas.org\/dil\/esp\/tratados_B-32_Convencion_Americana_sobre_Derechos_Humanos.pdf\">Convenci\u00f3n Americana sobre derechos humanos,\u00a0San Jos\u00e9, Costa Rica 7 al 22 de noviembre de 1969<\/a><\/p>\r\n\r\n<p style=\"text-align: center;\">\u00a0<strong>xi.<\/strong>\u00a0<a href=\"http:\/\/www.ordenjuridico.gob.mx\/JurInt\/PA1.pdf\">Convenci\u00f3n de la Haya de 1899 para la resoluc\u00edon pac\u00edfica de controversias internacionales<\/a><\/p>\r\n\r\n<p style=\"text-align: center;\">\u00a0<strong>xii.<\/strong>\u00a0<a href=\"http:\/\/www.dipublico.com.ar\/doc\/lahaya1907sol.pdf\">Convenci\u00f3n de la Haya de 1907 para la resoluci\u00f3n pac\u00edfica de controversias internacionales<\/a><\/p>\r\n\r\n<p style=\"text-align: center;\">\u00a0<strong>xiii.<\/strong>\u00a0<a href=\"http:\/\/www.icrc.org\/spa\/resources\/documents\/treaty\/treaty-gc-1-5tdkna.htm\">I.\u00a0Convenio de Ginebra para aliviar la suerte que corren los heridos y los enfermos de las fuerzas armadas en campa\u00f1a, 1949<\/a><\/p>\r\n\r\n<p style=\"text-align: center;\">\u00a0<strong>xiv.<\/strong>\u00a0<a href=\"http:\/\/www.icrc.org\/spa\/resources\/documents\/treaty\/treaty-gc-2-5tdkwc.htm\">II. Convenio de Ginebra para aliviar la suerte que corren los heridos, los enfermos y los n\u00e1ufragos de las fuerzas armadas en el mar, 1949<\/a><\/p>\r\n\r\n<p style=\"text-align: center;\">\u00a0<strong>xv.<\/strong><a href=\"http:\/\/www.icrc.org\/spa\/resources\/documents\/treaty\/treaty-gc-3-5tdkwx.htm\">\u00a0III. Convenio de Ginebra relativo al trato debido a los prisioneros de guerra, 1949<\/a><\/p>\r\n\r\n<p style=\"text-align: center;\">\u00a0<strong>xvi.<\/strong>\u00a0<a href=\"http:\/\/www.icrc.org\/spa\/resources\/documents\/treaty\/treaty-gc-4-5tdkyk.htm\">IV. Convenio de Ginebra relativo a la protecci\u00f3n debida a las personas civiles en tiempo de guerra, 1949<\/a><\/p>\r\n\r\n<p style=\"text-align: center;\">\u00a0<strong>xvii.<\/strong>\u00a0<a href=\"http:\/\/www.icrc.org\/spa\/resources\/documents\/misc\/protocolo-i.htm\">Protocolo I adicional a los Convenios de Ginebra de 1949 relativo a la protecci\u00f3n de las v\u00edctimas de los conflictos armados internacionales, 1977<\/a><\/p>\r\n\r\n<p style=\"text-align: center;\">\u00a0<strong>xvii.<\/strong>\u00a0<a href=\"http:\/\/www.icrc.org\/spa\/resources\/documents\/misc\/protocolo-ii.htm\">Protocolo II adicional a los Convenios de Ginebra de 1949 relativo a la protecci\u00f3n de las v\u00edctimas de los conflictos armados sin car\u00e1cter internacional, 1977<\/a><\/p>\r\n\r\n<p style=\"text-align: center;\">\u00a0<strong>xviii.<\/strong>\u00a0<a href=\"http:\/\/www.icrc.org\/spa\/resources\/documents\/misc\/protocolo-iii.htm\">Protocolo III adicional a los Convenios de Ginebra de 1949 relativo a la aprobaci\u00f3n de un signo distintivo adicional, 2005<\/a><\/p>\r\n\r\n<p style=\"text-align: center;\"> <strong>xix.<\/strong> <a href=\"http:\/\/legal.un.org\/icc\/statute\/spanish\/rome_statute%28s%29.pdf\">Estatuto de la Corte Penal Internacional, 1998<\/a><\/p>\r\n<p>[\/vc_column_text][\/vc_column][\/vc_row]<\/p><\/div>","protected":false},"excerpt":{"rendered":"<p>[vc_row row_bg=&#8221;grey&#8221; padding_bottom=&#8221;40&#8243;][vc_column][vc_column_text] i. Carta de las Naciones Unidas \u00a0ii. Estatuto de la Corte Internacional de Justicia \u00a0iii. Convenci\u00f3n de Viena sobre Relaciones Diplom\u00e1ticas, 18 de abril de 1961 \u00a0iv. Convenci\u00f3n de Viena sobre el derecho de los tratados,\u00a0Viena, 23 de mayo de 1969 \u00a0v. Convenci\u00f3n de las Naciones Unidas\u00a0sobre el Derecho del Mar,\u00a0Montego Bay, 10 de diciembre de 1982 \u00a0vi.\u00a0Declaraci\u00f3n Universal de los derechos del hombre de 1948 \u00a0vii. Pacto Internacional de derechos civiles y pol\u00edticos, 23 de marzo de 1976 \u00a0viii. Pacto Internacional de derechos econ\u00f3micos, sociales y culturales, 3 de enero de 1976 \u00a0ix.\u00a0Convenio para la Protecci\u00f3n [&hellip;]<\/p>\n","protected":false},"author":1,"featured_media":0,"parent":739,"menu_order":0,"comment_status":"closed","ping_status":"closed","template":"template-full.php","meta":{"_monsterinsights_skip_tracking":false,"_monsterinsights_sitenote_active":false,"_monsterinsights_sitenote_note":"","_monsterinsights_sitenote_category":0,"footnotes":""},"class_list":["post-5151","page","type-page","status-publish","hentry"],"yoast_head":"<!-- This site is optimized with the Yoast SEO plugin v23.3 - https:\/\/yoast.com\/wordpress\/plugins\/seo\/ -->\n<title>Documentos \u00datiles - The Observatory of International Law<\/title>\n<meta name=\"robots\" content=\"index, follow, max-snippet:-1, max-image-preview:large, max-video-preview:-1\" \/>\n<link rel=\"canonical\" href=\"https:\/\/theinternationalobservatory.com\/index.php\/pages\/documentos-utiles\/\" \/>\n<meta property=\"og:locale\" content=\"es_ES\" \/>\n<meta property=\"og:type\" content=\"article\" \/>\n<meta property=\"og:title\" content=\"Documentos \u00datiles - The Observatory of International Law\" \/>\n<meta property=\"og:description\" content=\"[vc_row row_bg=&#8221;grey&#8221; padding_bottom=&#8221;40&#8243;][vc_column][vc_column_text] i. Carta de las Naciones Unidas \u00a0ii. Estatuto de la Corte Internacional de Justicia \u00a0iii. Convenci\u00f3n de Viena sobre Relaciones Diplom\u00e1ticas, 18 de abril de 1961 \u00a0iv. Convenci\u00f3n de Viena sobre el derecho de los tratados,\u00a0Viena, 23 de mayo de 1969 \u00a0v. Convenci\u00f3n de las Naciones Unidas\u00a0sobre el Derecho del Mar,\u00a0Montego Bay, 10 de diciembre de 1982 \u00a0vi.\u00a0Declaraci\u00f3n Universal de los derechos del hombre de 1948 \u00a0vii. Pacto Internacional de derechos civiles y pol\u00edticos, 23 de marzo de 1976 \u00a0viii. Pacto Internacional de derechos econ\u00f3micos, sociales y culturales, 3 de enero de 1976 \u00a0ix.\u00a0Convenio para la Protecci\u00f3n [&hellip;]\" \/>\n<meta property=\"og:url\" content=\"https:\/\/theinternationalobservatory.com\/index.php\/pages\/documentos-utiles\/\" \/>\n<meta property=\"og:site_name\" content=\"The Observatory of International Law\" \/>\n<meta property=\"article:publisher\" content=\"https:\/\/www.facebook.com\/theobservatoryofinternationallaw\/\" \/>\n<meta property=\"article:modified_time\" content=\"2019-04-23T17:01:46+00:00\" \/>\n<meta name=\"twitter:card\" content=\"summary_large_image\" \/>\n<meta name=\"twitter:site\" content=\"@The_OILaw\" \/>\n<meta name=\"twitter:label1\" content=\"Tiempo de lectura\" \/>\n\t<meta name=\"twitter:data1\" content=\"2 minutos\" \/>\n<script type=\"application\/ld+json\" class=\"yoast-schema-graph\">{\"@context\":\"https:\/\/schema.org\",\"@graph\":[{\"@type\":\"WebPage\",\"@id\":\"https:\/\/theinternationalobservatory.com\/index.php\/pages\/documentos-utiles\/\",\"url\":\"https:\/\/theinternationalobservatory.com\/index.php\/pages\/documentos-utiles\/\",\"name\":\"Documentos \u00datiles - The Observatory of International Law\",\"isPartOf\":{\"@id\":\"https:\/\/theinternationalobservatory.com\/#website\"},\"datePublished\":\"2019-04-23T16:59:24+00:00\",\"dateModified\":\"2019-04-23T17:01:46+00:00\",\"breadcrumb\":{\"@id\":\"https:\/\/theinternationalobservatory.com\/index.php\/pages\/documentos-utiles\/#breadcrumb\"},\"inLanguage\":\"es-AR\",\"potentialAction\":[{\"@type\":\"ReadAction\",\"target\":[\"https:\/\/theinternationalobservatory.com\/index.php\/pages\/documentos-utiles\/\"]}]},{\"@type\":\"BreadcrumbList\",\"@id\":\"https:\/\/theinternationalobservatory.com\/index.php\/pages\/documentos-utiles\/#breadcrumb\",\"itemListElement\":[{\"@type\":\"ListItem\",\"position\":1,\"name\":\"Inicio\",\"item\":\"https:\/\/theinternationalobservatory.com\/\"},{\"@type\":\"ListItem\",\"position\":2,\"name\":\"Pages\",\"item\":\"https:\/\/theinternationalobservatory.com\/index.php\/pages\/\"},{\"@type\":\"ListItem\",\"position\":3,\"name\":\"Documentos \u00datiles\"}]},{\"@type\":\"WebSite\",\"@id\":\"https:\/\/theinternationalobservatory.com\/#website\",\"url\":\"https:\/\/theinternationalobservatory.com\/\",\"name\":\"The Observatory of International Law\",\"description\":\"Interesting things in International Law\",\"potentialAction\":[{\"@type\":\"SearchAction\",\"target\":{\"@type\":\"EntryPoint\",\"urlTemplate\":\"https:\/\/theinternationalobservatory.com\/?s={search_term_string}\"},\"query-input\":\"required name=search_term_string\"}],\"inLanguage\":\"es-AR\"}]}<\/script>\n<!-- \/ Yoast SEO plugin. -->","yoast_head_json":{"title":"Documentos \u00datiles - The Observatory of International Law","robots":{"index":"index","follow":"follow","max-snippet":"max-snippet:-1","max-image-preview":"max-image-preview:large","max-video-preview":"max-video-preview:-1"},"canonical":"https:\/\/theinternationalobservatory.com\/index.php\/pages\/documentos-utiles\/","og_locale":"es_ES","og_type":"article","og_title":"Documentos \u00datiles - The Observatory of International Law","og_description":"[vc_row row_bg=&#8221;grey&#8221; padding_bottom=&#8221;40&#8243;][vc_column][vc_column_text] i. Carta de las Naciones Unidas \u00a0ii. Estatuto de la Corte Internacional de Justicia \u00a0iii. Convenci\u00f3n de Viena sobre Relaciones Diplom\u00e1ticas, 18 de abril de 1961 \u00a0iv. Convenci\u00f3n de Viena sobre el derecho de los tratados,\u00a0Viena, 23 de mayo de 1969 \u00a0v. Convenci\u00f3n de las Naciones Unidas\u00a0sobre el Derecho del Mar,\u00a0Montego Bay, 10 de diciembre de 1982 \u00a0vi.\u00a0Declaraci\u00f3n Universal de los derechos del hombre de 1948 \u00a0vii. Pacto Internacional de derechos civiles y pol\u00edticos, 23 de marzo de 1976 \u00a0viii. Pacto Internacional de derechos econ\u00f3micos, sociales y culturales, 3 de enero de 1976 \u00a0ix.\u00a0Convenio para la Protecci\u00f3n [&hellip;]","og_url":"https:\/\/theinternationalobservatory.com\/index.php\/pages\/documentos-utiles\/","og_site_name":"The Observatory of International Law","article_publisher":"https:\/\/www.facebook.com\/theobservatoryofinternationallaw\/","article_modified_time":"2019-04-23T17:01:46+00:00","twitter_card":"summary_large_image","twitter_site":"@The_OILaw","twitter_misc":{"Tiempo de lectura":"2 minutos"},"schema":{"@context":"https:\/\/schema.org","@graph":[{"@type":"WebPage","@id":"https:\/\/theinternationalobservatory.com\/index.php\/pages\/documentos-utiles\/","url":"https:\/\/theinternationalobservatory.com\/index.php\/pages\/documentos-utiles\/","name":"Documentos \u00datiles - The Observatory of International Law","isPartOf":{"@id":"https:\/\/theinternationalobservatory.com\/#website"},"datePublished":"2019-04-23T16:59:24+00:00","dateModified":"2019-04-23T17:01:46+00:00","breadcrumb":{"@id":"https:\/\/theinternationalobservatory.com\/index.php\/pages\/documentos-utiles\/#breadcrumb"},"inLanguage":"es-AR","potentialAction":[{"@type":"ReadAction","target":["https:\/\/theinternationalobservatory.com\/index.php\/pages\/documentos-utiles\/"]}]},{"@type":"BreadcrumbList","@id":"https:\/\/theinternationalobservatory.com\/index.php\/pages\/documentos-utiles\/#breadcrumb","itemListElement":[{"@type":"ListItem","position":1,"name":"Inicio","item":"https:\/\/theinternationalobservatory.com\/"},{"@type":"ListItem","position":2,"name":"Pages","item":"https:\/\/theinternationalobservatory.com\/index.php\/pages\/"},{"@type":"ListItem","position":3,"name":"Documentos \u00datiles"}]},{"@type":"WebSite","@id":"https:\/\/theinternationalobservatory.com\/#website","url":"https:\/\/theinternationalobservatory.com\/","name":"The Observatory of International Law","description":"Interesting things in International Law","potentialAction":[{"@type":"SearchAction","target":{"@type":"EntryPoint","urlTemplate":"https:\/\/theinternationalobservatory.com\/?s={search_term_string}"},"query-input":"required name=search_term_string"}],"inLanguage":"es-AR"}]}},"_links":{"self":[{"href":"https:\/\/theinternationalobservatory.com\/index.php\/wp-json\/wp\/v2\/pages\/5151"}],"collection":[{"href":"https:\/\/theinternationalobservatory.com\/index.php\/wp-json\/wp\/v2\/pages"}],"about":[{"href":"https:\/\/theinternationalobservatory.com\/index.php\/wp-json\/wp\/v2\/types\/page"}],"author":[{"embeddable":true,"href":"https:\/\/theinternationalobservatory.com\/index.php\/wp-json\/wp\/v2\/users\/1"}],"replies":[{"embeddable":true,"href":"https:\/\/theinternationalobservatory.com\/index.php\/wp-json\/wp\/v2\/comments?post=5151"}],"version-history":[{"count":5,"href":"https:\/\/theinternationalobservatory.com\/index.php\/wp-json\/wp\/v2\/pages\/5151\/revisions"}],"predecessor-version":[{"id":5166,"href":"https:\/\/theinternationalobservatory.com\/index.php\/wp-json\/wp\/v2\/pages\/5151\/revisions\/5166"}],"up":[{"embeddable":true,"href":"https:\/\/theinternationalobservatory.com\/index.php\/wp-json\/wp\/v2\/pages\/739"}],"wp:attachment":[{"href":"https:\/\/theinternationalobservatory.com\/index.php\/wp-json\/wp\/v2\/media?parent=5151"}],"curies":[{"name":"wp","href":"https:\/\/api.w.org\/{rel}","templated":true}]}}