{"id":5256,"date":"2019-08-17T17:59:57","date_gmt":"2019-08-17T20:59:57","guid":{"rendered":"https:\/\/theinternationalobservatory.com\/?page_id=5256"},"modified":"2019-08-17T18:23:21","modified_gmt":"2019-08-17T21:23:21","slug":"clases-personalizadas-en-derecho-internacional","status":"publish","type":"page","link":"https:\/\/theinternationalobservatory.com\/index.php\/clases-personalizadas-en-derecho-internacional\/","title":{"rendered":"Clases Personalizadas en Derecho Internacional"},"content":{"rendered":"<div class=\"wpb-content-wrapper\"><p>[vc_row row_bg=&#8221;grey&#8221; padding_top=&#8221;40px&#8221; padding_bottom=&#8221;40px&#8221;][vc_column width=&#8221;2\/3&#8243;]<div class=\"landing-title center wpb_content_element animated \" data-gen=\"fadeInDown\"><h1 class=\"landing-title-tag\" style=\"font-size:28px;\">\u00a1Ahora ofrecemos <strong>cursos personalizados<\/strong>!<\/h1><\/div>[vc_column_text css_animation=&#8221;bigEntrance&#8221;]\u00a1Hola, soy J\u00e9r\u00e9mie Swinnen, coordinador del sitio del Observatorio de Derecho Internacional! \u00bfNecesitas prepararte para alg\u00fan evento en particular que requiera capacitaci\u00f3n en Derecho Internacional? He decidido ofrecer la posibilidad de capacitarte a distancia via Skype o presencial si viv\u00eds en Buenos Aires. Para una o m\u00e1s personas al mismo tiempo, brindo dichas clases adaptadas a la necesidad de cada situaci\u00f3n: Examen o concurso para ingresar al servicio diplom\u00e1tico en tu pa\u00eds, participaci\u00f3n de simulaci\u00f3n de modelos de la Organizaci\u00f3n de las Naciones Unidas, examen universitario que requiera formaci\u00f3n en\u00a0 Derecho Internacional P\u00fablico o simplemente porque quieres expandir tu conocimiento a este interesante campo del derecho. \u00a1Te ayudo a lograr lo que necesitas![\/vc_column_text]<div class=\"space\" style=\"height:30px;\"><\/div>[vc_images_carousel images=&#8221;5279,5286,5281,5288&#8243; onclick=&#8221;link_no&#8221; grid=&#8221;4&#8243; tablet=&#8221;3&#8243; tabletsmall=&#8221;2&#8243; mobile=&#8221;2&#8243; mobilesmall=&#8221;1&#8243; autoplay=&#8221;0&#8243; css_animation=&#8221;fadeInLeft&#8221;][\/vc_column][vc_column width=&#8221;1\/3&#8243;]<div class=\"wpb_content_element rdicon-component  animated \" data-gen=\"fadeInRight\"><div class=\"rdicon-box  icon-left icon-circle\"><div class=\"rdicon-icon\"><i class=\" rdicon-box-icon fa fa-male \" style=\" color:#db6708; font-size:28px; width:28px; height:28px; border:  1px  solid #db6708;  padding: 5px;\"><\/i><\/div> <!-- icon --><div class=\"rdicon-header\"><h3 class=\"rdicon-title\">Ingreso al Servicio Diplom\u00e1tico<\/h3><\/div> <!-- header --><\/div><\/div><div class=\"wpb_content_element rdicon-component  animated \" data-gen=\"fadeInRight\"><div class=\"rdicon-box  icon-left icon-circle\"><div class=\"rdicon-icon\"><i class=\" rdicon-box-icon fa fa-pencil-square-o \" style=\" color:#db6708; font-size:28px; width:28px; height:28px; border:  1px  solid #db6708;  padding: 5px;\"><\/i><\/div> <!-- icon --><div class=\"rdicon-header\"><h3 class=\"rdicon-title\">Examen Universitario<\/h3><\/div> <!-- header --><\/div><\/div><div class=\"wpb_content_element rdicon-component  animated \" data-gen=\"fadeInRight\"><div class=\"rdicon-box  icon-left icon-circle\"><div class=\"rdicon-icon\"><i class=\" rdicon-box-icon fa fa-briefcase \" style=\" color:#db6708; font-size:28px; width:28px; height:28px; border:  1px  solid #db6708;  padding: 5px;\"><\/i><\/div> <!-- icon --><div class=\"rdicon-header\"><h3 class=\"rdicon-title\">Modelos de ONU<\/h3><\/div> <!-- header --><\/div><\/div><div class=\"wpb_content_element rdicon-component  animated \" data-gen=\"fadeInRight\"><div class=\"rdicon-box  icon-left icon-circle\"><div class=\"rdicon-icon\"><i class=\" rdicon-box-icon fa fa-cogs \" style=\" color:#db6708; font-size:28px; width:28px; height:28px; border:  1px  solid #db6708;  padding: 5px;\"><\/i><\/div> <!-- icon --><div class=\"rdicon-header\"><h3 class=\"rdicon-title\">Expandir tu mundo<\/h3><\/div> <!-- header --><\/div><\/div>[\/vc_column][\/vc_row][vc_row row_bg=&#8221;grey&#8221;][vc_column]<div class=\"space\" style=\"height:10px;\"><\/div>[vc_separator][vc_message message_box_style=&#8221;classic&#8221; message_box_color=&#8221;alert-info&#8221; style=&#8221;rounded&#8221;]<\/p>\n<h2>\u00a1Escr\u00edbenos que necesitas y nos contactaremos contigo!<\/h2>\n<p>[contact-form to=&#8221;jeremieswinnen@gmail.com&#8221; subject=&#8221;OIL\u00b4s Mail!&#8221;][contact-field label=&#8221;Nombre&#8221; type=&#8221;name&#8221; required=&#8221;1&#8243;][contact-field label=&#8221;Correo electr\u00f3nico&#8221; type=&#8221;email&#8221; required=&#8221;1&#8243;][contact-field label=&#8221;\u00bfQu\u00e9 necistas?&#8221; type=&#8221;textarea&#8221; required=&#8221;1&#8243;][\/contact-form]<\/p>\n<p>[\/vc_message][\/vc_column][\/vc_row]<\/p>\n<\/div>","protected":false},"excerpt":{"rendered":"<p>[vc_row row_bg=&#8221;grey&#8221; padding_top=&#8221;40px&#8221; padding_bottom=&#8221;40px&#8221;][vc_column width=&#8221;2\/3&#8243;][vc_column_text css_animation=&#8221;bigEntrance&#8221;]\u00a1Hola, soy J\u00e9r\u00e9mie Swinnen, coordinador del sitio del Observatorio de Derecho Internacional! \u00bfNecesitas prepararte para alg\u00fan evento en particular que requiera capacitaci\u00f3n en Derecho Internacional? He decidido ofrecer la posibilidad de capacitarte a distancia via Skype o presencial si viv\u00eds en Buenos Aires. Para una o m\u00e1s personas al mismo tiempo, brindo dichas clases adaptadas a la necesidad de cada situaci\u00f3n: Examen o concurso para ingresar al servicio diplom\u00e1tico en tu pa\u00eds, participaci\u00f3n de simulaci\u00f3n de modelos de la Organizaci\u00f3n de las Naciones Unidas, examen universitario que requiera formaci\u00f3n en\u00a0 Derecho Internacional P\u00fablico o simplemente [&hellip;]<\/p>\n","protected":false},"author":1,"featured_media":5299,"parent":0,"menu_order":0,"comment_status":"closed","ping_status":"closed","template":"sample-template-header2.php","meta":{"_monsterinsights_skip_tracking":false,"_monsterinsights_sitenote_active":false,"_monsterinsights_sitenote_note":"","_monsterinsights_sitenote_category":0,"footnotes":""},"class_list":["post-5256","page","type-page","status-publish","has-post-thumbnail","hentry"],"yoast_head":"<!-- This site is optimized with the Yoast SEO plugin v23.3 - https:\/\/yoast.com\/wordpress\/plugins\/seo\/ -->\n<title>Clases Personalizadas en Derecho Internacional - The Observatory of International Law<\/title>\n<meta name=\"robots\" content=\"index, follow, max-snippet:-1, max-image-preview:large, max-video-preview:-1\" \/>\n<link rel=\"canonical\" href=\"https:\/\/theinternationalobservatory.com\/index.php\/clases-personalizadas-en-derecho-internacional\/\" \/>\n<meta property=\"og:locale\" content=\"es_ES\" \/>\n<meta property=\"og:type\" content=\"article\" \/>\n<meta property=\"og:title\" content=\"Clases Personalizadas en Derecho Internacional - The Observatory of International Law\" \/>\n<meta property=\"og:description\" content=\"[vc_row row_bg=&#8221;grey&#8221; padding_top=&#8221;40px&#8221; padding_bottom=&#8221;40px&#8221;][vc_column width=&#8221;2\/3&#8243;][vc_column_text css_animation=&#8221;bigEntrance&#8221;]\u00a1Hola, soy J\u00e9r\u00e9mie Swinnen, coordinador del sitio del Observatorio de Derecho Internacional! \u00bfNecesitas prepararte para alg\u00fan evento en particular que requiera capacitaci\u00f3n en Derecho Internacional? He decidido ofrecer la posibilidad de capacitarte a distancia via Skype o presencial si viv\u00eds en Buenos Aires. Para una o m\u00e1s personas al mismo tiempo, brindo dichas clases adaptadas a la necesidad de cada situaci\u00f3n: Examen o concurso para ingresar al servicio diplom\u00e1tico en tu pa\u00eds, participaci\u00f3n de simulaci\u00f3n de modelos de la Organizaci\u00f3n de las Naciones Unidas, examen universitario que requiera formaci\u00f3n en\u00a0 Derecho Internacional P\u00fablico o simplemente [&hellip;]\" \/>\n<meta property=\"og:url\" content=\"https:\/\/theinternationalobservatory.com\/index.php\/clases-personalizadas-en-derecho-internacional\/\" \/>\n<meta property=\"og:site_name\" content=\"The Observatory of International Law\" \/>\n<meta property=\"article:publisher\" content=\"https:\/\/www.facebook.com\/theobservatoryofinternationallaw\/\" \/>\n<meta property=\"article:modified_time\" content=\"2019-08-17T21:23:21+00:00\" \/>\n<meta property=\"og:image\" content=\"https:\/\/theinternationalobservatory.com\/wp-content\/uploads\/2019\/08\/exam11.png\" \/>\n\t<meta property=\"og:image:width\" content=\"1060\" \/>\n\t<meta property=\"og:image:height\" content=\"571\" \/>\n\t<meta property=\"og:image:type\" content=\"image\/png\" \/>\n<meta name=\"twitter:card\" content=\"summary_large_image\" \/>\n<meta name=\"twitter:site\" content=\"@The_OILaw\" \/>\n<meta name=\"twitter:label1\" content=\"Tiempo de lectura\" \/>\n\t<meta name=\"twitter:data1\" content=\"3 minutos\" \/>\n<script type=\"application\/ld+json\" class=\"yoast-schema-graph\">{\"@context\":\"https:\/\/schema.org\",\"@graph\":[{\"@type\":\"WebPage\",\"@id\":\"https:\/\/theinternationalobservatory.com\/index.php\/clases-personalizadas-en-derecho-internacional\/\",\"url\":\"https:\/\/theinternationalobservatory.com\/index.php\/clases-personalizadas-en-derecho-internacional\/\",\"name\":\"Clases Personalizadas en Derecho Internacional - The Observatory of International Law\",\"isPartOf\":{\"@id\":\"https:\/\/theinternationalobservatory.com\/#website\"},\"primaryImageOfPage\":{\"@id\":\"https:\/\/theinternationalobservatory.com\/index.php\/clases-personalizadas-en-derecho-internacional\/#primaryimage\"},\"image\":{\"@id\":\"https:\/\/theinternationalobservatory.com\/index.php\/clases-personalizadas-en-derecho-internacional\/#primaryimage\"},\"thumbnailUrl\":\"https:\/\/theinternationalobservatory.com\/wp-content\/uploads\/2019\/08\/exam11.png\",\"datePublished\":\"2019-08-17T20:59:57+00:00\",\"dateModified\":\"2019-08-17T21:23:21+00:00\",\"breadcrumb\":{\"@id\":\"https:\/\/theinternationalobservatory.com\/index.php\/clases-personalizadas-en-derecho-internacional\/#breadcrumb\"},\"inLanguage\":\"es-AR\",\"potentialAction\":[{\"@type\":\"ReadAction\",\"target\":[\"https:\/\/theinternationalobservatory.com\/index.php\/clases-personalizadas-en-derecho-internacional\/\"]}]},{\"@type\":\"ImageObject\",\"inLanguage\":\"es-AR\",\"@id\":\"https:\/\/theinternationalobservatory.com\/index.php\/clases-personalizadas-en-derecho-internacional\/#primaryimage\",\"url\":\"https:\/\/theinternationalobservatory.com\/wp-content\/uploads\/2019\/08\/exam11.png\",\"contentUrl\":\"https:\/\/theinternationalobservatory.com\/wp-content\/uploads\/2019\/08\/exam11.png\",\"width\":1666,\"height\":897},{\"@type\":\"BreadcrumbList\",\"@id\":\"https:\/\/theinternationalobservatory.com\/index.php\/clases-personalizadas-en-derecho-internacional\/#breadcrumb\",\"itemListElement\":[{\"@type\":\"ListItem\",\"position\":1,\"name\":\"Inicio\",\"item\":\"https:\/\/theinternationalobservatory.com\/\"},{\"@type\":\"ListItem\",\"position\":2,\"name\":\"Clases Personalizadas en Derecho Internacional\"}]},{\"@type\":\"WebSite\",\"@id\":\"https:\/\/theinternationalobservatory.com\/#website\",\"url\":\"https:\/\/theinternationalobservatory.com\/\",\"name\":\"The Observatory of International Law\",\"description\":\"Interesting things in International Law\",\"potentialAction\":[{\"@type\":\"SearchAction\",\"target\":{\"@type\":\"EntryPoint\",\"urlTemplate\":\"https:\/\/theinternationalobservatory.com\/?s={search_term_string}\"},\"query-input\":\"required name=search_term_string\"}],\"inLanguage\":\"es-AR\"}]}<\/script>\n<!-- \/ Yoast SEO plugin. -->","yoast_head_json":{"title":"Clases Personalizadas en Derecho Internacional - The Observatory of International Law","robots":{"index":"index","follow":"follow","max-snippet":"max-snippet:-1","max-image-preview":"max-image-preview:large","max-video-preview":"max-video-preview:-1"},"canonical":"https:\/\/theinternationalobservatory.com\/index.php\/clases-personalizadas-en-derecho-internacional\/","og_locale":"es_ES","og_type":"article","og_title":"Clases Personalizadas en Derecho Internacional - The Observatory of International Law","og_description":"[vc_row row_bg=&#8221;grey&#8221; padding_top=&#8221;40px&#8221; padding_bottom=&#8221;40px&#8221;][vc_column width=&#8221;2\/3&#8243;][vc_column_text css_animation=&#8221;bigEntrance&#8221;]\u00a1Hola, soy J\u00e9r\u00e9mie Swinnen, coordinador del sitio del Observatorio de Derecho Internacional! \u00bfNecesitas prepararte para alg\u00fan evento en particular que requiera capacitaci\u00f3n en Derecho Internacional? He decidido ofrecer la posibilidad de capacitarte a distancia via Skype o presencial si viv\u00eds en Buenos Aires. Para una o m\u00e1s personas al mismo tiempo, brindo dichas clases adaptadas a la necesidad de cada situaci\u00f3n: Examen o concurso para ingresar al servicio diplom\u00e1tico en tu pa\u00eds, participaci\u00f3n de simulaci\u00f3n de modelos de la Organizaci\u00f3n de las Naciones Unidas, examen universitario que requiera formaci\u00f3n en\u00a0 Derecho Internacional P\u00fablico o simplemente [&hellip;]","og_url":"https:\/\/theinternationalobservatory.com\/index.php\/clases-personalizadas-en-derecho-internacional\/","og_site_name":"The Observatory of International Law","article_publisher":"https:\/\/www.facebook.com\/theobservatoryofinternationallaw\/","article_modified_time":"2019-08-17T21:23:21+00:00","og_image":[{"url":"https:\/\/theinternationalobservatory.com\/wp-content\/uploads\/2019\/08\/exam11.png","width":1060,"height":571,"type":"image\/png"}],"twitter_card":"summary_large_image","twitter_site":"@The_OILaw","twitter_misc":{"Tiempo de lectura":"3 minutos"},"schema":{"@context":"https:\/\/schema.org","@graph":[{"@type":"WebPage","@id":"https:\/\/theinternationalobservatory.com\/index.php\/clases-personalizadas-en-derecho-internacional\/","url":"https:\/\/theinternationalobservatory.com\/index.php\/clases-personalizadas-en-derecho-internacional\/","name":"Clases Personalizadas en Derecho Internacional - The Observatory of International Law","isPartOf":{"@id":"https:\/\/theinternationalobservatory.com\/#website"},"primaryImageOfPage":{"@id":"https:\/\/theinternationalobservatory.com\/index.php\/clases-personalizadas-en-derecho-internacional\/#primaryimage"},"image":{"@id":"https:\/\/theinternationalobservatory.com\/index.php\/clases-personalizadas-en-derecho-internacional\/#primaryimage"},"thumbnailUrl":"https:\/\/theinternationalobservatory.com\/wp-content\/uploads\/2019\/08\/exam11.png","datePublished":"2019-08-17T20:59:57+00:00","dateModified":"2019-08-17T21:23:21+00:00","breadcrumb":{"@id":"https:\/\/theinternationalobservatory.com\/index.php\/clases-personalizadas-en-derecho-internacional\/#breadcrumb"},"inLanguage":"es-AR","potentialAction":[{"@type":"ReadAction","target":["https:\/\/theinternationalobservatory.com\/index.php\/clases-personalizadas-en-derecho-internacional\/"]}]},{"@type":"ImageObject","inLanguage":"es-AR","@id":"https:\/\/theinternationalobservatory.com\/index.php\/clases-personalizadas-en-derecho-internacional\/#primaryimage","url":"https:\/\/theinternationalobservatory.com\/wp-content\/uploads\/2019\/08\/exam11.png","contentUrl":"https:\/\/theinternationalobservatory.com\/wp-content\/uploads\/2019\/08\/exam11.png","width":1666,"height":897},{"@type":"BreadcrumbList","@id":"https:\/\/theinternationalobservatory.com\/index.php\/clases-personalizadas-en-derecho-internacional\/#breadcrumb","itemListElement":[{"@type":"ListItem","position":1,"name":"Inicio","item":"https:\/\/theinternationalobservatory.com\/"},{"@type":"ListItem","position":2,"name":"Clases Personalizadas en Derecho Internacional"}]},{"@type":"WebSite","@id":"https:\/\/theinternationalobservatory.com\/#website","url":"https:\/\/theinternationalobservatory.com\/","name":"The Observatory of International Law","description":"Interesting things in International Law","potentialAction":[{"@type":"SearchAction","target":{"@type":"EntryPoint","urlTemplate":"https:\/\/theinternationalobservatory.com\/?s={search_term_string}"},"query-input":"required name=search_term_string"}],"inLanguage":"es-AR"}]}},"_links":{"self":[{"href":"https:\/\/theinternationalobservatory.com\/index.php\/wp-json\/wp\/v2\/pages\/5256"}],"collection":[{"href":"https:\/\/theinternationalobservatory.com\/index.php\/wp-json\/wp\/v2\/pages"}],"about":[{"href":"https:\/\/theinternationalobservatory.com\/index.php\/wp-json\/wp\/v2\/types\/page"}],"author":[{"embeddable":true,"href":"https:\/\/theinternationalobservatory.com\/index.php\/wp-json\/wp\/v2\/users\/1"}],"replies":[{"embeddable":true,"href":"https:\/\/theinternationalobservatory.com\/index.php\/wp-json\/wp\/v2\/comments?post=5256"}],"version-history":[{"count":27,"href":"https:\/\/theinternationalobservatory.com\/index.php\/wp-json\/wp\/v2\/pages\/5256\/revisions"}],"predecessor-version":[{"id":5300,"href":"https:\/\/theinternationalobservatory.com\/index.php\/wp-json\/wp\/v2\/pages\/5256\/revisions\/5300"}],"wp:featuredmedia":[{"embeddable":true,"href":"https:\/\/theinternationalobservatory.com\/index.php\/wp-json\/wp\/v2\/media\/5299"}],"wp:attachment":[{"href":"https:\/\/theinternationalobservatory.com\/index.php\/wp-json\/wp\/v2\/media?parent=5256"}],"curies":[{"name":"wp","href":"https:\/\/api.w.org\/{rel}","templated":true}]}}